{"id":577,"date":"2026-02-10T21:48:00","date_gmt":"2026-02-10T21:48:00","guid":{"rendered":"https:\/\/ecofiltro.eco.br\/provisorio\/?page_id=577"},"modified":"2026-02-10T21:49:51","modified_gmt":"2026-02-10T21:49:51","slug":"apresentacao-ecofiltro","status":"publish","type":"page","link":"https:\/\/ecofiltro.eco.br\/provisorio\/index.php\/apresentacao-ecofiltro\/","title":{"rendered":"Apresenta\u00e7\u00e3o Ecofiltro"},"content":{"rendered":"\t\t<div data-elementor-type=\"wp-page\" data-elementor-id=\"577\" class=\"elementor elementor-577\" data-elementor-post-type=\"page\">\n\t\t\t\t<div class=\"elementor-element elementor-element-e77e2f6 e-flex e-con-boxed e-con e-parent\" data-id=\"e77e2f6\" data-element_type=\"container\">\n\t\t\t\t\t<div class=\"e-con-inner\">\n\t\t\t\t<div class=\"elementor-element elementor-element-4f67d9c elementor-widget elementor-widget-slider_revolution\" data-id=\"4f67d9c\" data-element_type=\"widget\" data-widget_type=\"slider_revolution.default\">\n\t\t\t\t<div class=\"elementor-widget-container\">\n\t\t\t\t\t\n\t\t<div class=\"wp-block-themepunch-revslider\">\n\t\t\t\t<p class=\"rs-p-wp-fix\"><\/p>\n\t\t\t\t<sr7-module data-alias=\"ecofiltro-2025\" data-id=\"2\" id=\"SR7_2_1\" class=\"rs-respect-topbar rs-ov-hidden\" data-version=\"6.7.33\">\n\t\t\t\t\t<sr7-adjuster><\/sr7-adjuster>\n\t\t\t\t\t<sr7-content>\n\t\t\t\t\t\t<sr7-slide id=\"SR7_2_1-20\" data-key=\"20\">\n\t\t\t\t\t\t\t<sr7-bg id=\"SR7_2_1-20-61\" class=\"sr7-layer\"><noscript><img decoding=\"async\" src=\"https:\/\/ecofiltro.eco.br\/provisorio\/wp-content\/uploads\/2025\/05\/GOTA-ESMAECIDO_1-3.png\" alt=\"\" title=\"GOTA ESMAECIDO_1 (3)\"><\/noscript><\/sr7-bg>\n\t\t\t\t\t\t\t<sr7-txt id=\"SR7_2_1-20-0\" class=\"sr7-layer\"><\/sr7-txt>\n\t\t\t\t\t\t\t<sr7-txt id=\"SR7_2_1-20-5\" class=\"sr7-layer\"><\/sr7-txt>\n\t\t\t\t\t\t\t<sr7-txt id=\"SR7_2_1-20-8\" class=\"sr7-layer\">O melhor sistema de <br \/>\nfiltragem de \u00f3leo diesel <br \/>\ndo mercado<\/sr7-txt>\n\t\t\t\t\t\t<\/sr7-slide>\n\t\t\t\t\t\t<sr7-slide id=\"SR7_2_1-13\" data-key=\"13\">\n\t\t\t\t\t\t\t<sr7-bg id=\"SR7_2_1-13-48\" class=\"sr7-layer\"><noscript><img decoding=\"async\" src=\"https:\/\/ecofiltro.eco.br\/provisorio\/wp-content\/uploads\/2025\/05\/GOTA-ESMAECIDO_1-3.png\" alt=\"\" title=\"GOTA ESMAECIDO_1 (3)\"><\/noscript><\/sr7-bg>\n\t\t\t\t\t\t\t<sr7-txt id=\"SR7_2_1-13-0\" class=\"sr7-layer\"><\/sr7-txt>\n\t\t\t\t\t\t\t<sr7-txt id=\"SR7_2_1-13-5\" class=\"sr7-layer\"><\/sr7-txt>\n\t\t\t\t\t\t\t<sr7-txt id=\"SR7_2_1-13-45\" class=\"sr7-layer\">TECNOLOGIA HARCAP<\/sr7-txt>\n\t\t\t\t\t\t\t<sr7-txt id=\"SR7_2_1-13-46\" class=\"sr7-layer\">Nossos filtros contam com a exclusiva tecnologia HARCAP, projetada para separar eficientemente as impurezas do \u00f3leo diesel, eliminando \u00e1gua e particulas.<br \/>\n<br \/>\nIsso resulta em um \u00f3leo diesel puro, promovendo uma queima eficiente do combust\u00edvel. Como consequ\u00eancia, voc\u00ea obt\u00e9m maior desempenho, melhor rendimento e maior durabilidade do sistema de inje\u00e7\u00e3o do ve\u00edculo. Mais prote\u00e7\u00e3o para o motor, menor consumo de combust\u00edvel e economia para voc\u00ea.<\/sr7-txt>\n\t\t\t\t\t\t<\/sr7-slide>\n\t\t\t\t\t\t<sr7-slide id=\"SR7_2_1-8\" data-key=\"8\">\n\t\t\t\t\t\t\t<sr7-bg id=\"SR7_2_1-8-57\" class=\"sr7-layer\"><noscript><img decoding=\"async\" src=\"https:\/\/ecofiltro.eco.br\/provisorio\/wp-content\/uploads\/2025\/05\/GOTA-ESMAECIDO_1-3.png\" alt=\"\" title=\"GOTA ESMAECIDO_1 (3)\"><\/noscript><\/sr7-bg>\n\t\t\t\t\t\t\t<sr7-txt id=\"SR7_2_1-8-0\" class=\"sr7-layer\"><\/sr7-txt>\n\t\t\t\t\t\t\t<sr7-txt id=\"SR7_2_1-8-5\" class=\"sr7-layer\"><\/sr7-txt>\n\t\t\t\t\t\t\t<sr7-txt id=\"SR7_2_1-8-8\" class=\"sr7-layer\">Filtros sustent\u00e1veis para motores a diesel, com tecnologia exclusiva de filtragem.<br \/>\n<br \/>\nMaior desempenho, melhor rendimento e maior durabilidade do sistema de inje\u00e7\u00e3o do ve\u00edculo. <br \/>\n<br \/>\nMais prote\u00e7\u00e3o para o motor, menor consumo de combust\u00edvel e economia para voc\u00ea.<\/sr7-txt>\n\t\t\t\t\t\t\t<sr7-txt id=\"SR7_2_1-8-39\" class=\"sr7-layer\">TECNOL\u00d3GICO<\/sr7-txt>\n\t\t\t\t\t\t<\/sr7-slide>\n\t\t\t\t\t\t<sr7-slide id=\"SR7_2_1-6\" data-key=\"6\">\n\t\t\t\t\t\t\t<sr7-bg id=\"SR7_2_1-6-55\" class=\"sr7-layer\"><noscript><img decoding=\"async\" src=\"https:\/\/ecofiltro.eco.br\/provisorio\/wp-content\/uploads\/2025\/05\/GOTA-ESMAECIDO_1-3.png\" alt=\"\" title=\"GOTA ESMAECIDO_1 (3)\"><\/noscript><\/sr7-bg>\n\t\t\t\t\t\t\t<sr7-txt id=\"SR7_2_1-6-31\" class=\"sr7-layer\">ECOL\u00d3GICO<\/sr7-txt>\n\t\t\t\t\t\t\t<sr7-txt id=\"SR7_2_1-6-38\" class=\"sr7-layer\">Ao garantir um diesel mais puro, reduz-se o consumo de diesel, o que resulta em menor consumo de combust\u00edvel, menor frequ\u00eancia de trocas, maior efici\u00eancia do motor e menos impactos ambientais.<br \/>\n<br \/>\n\u00c9 tecnologia que cuida do motor e do planeta ao mesmo tempo.<br \/>\n<\/sr7-txt>\n\t\t\t\t\t\t<\/sr7-slide>\n\t\t\t\t\t\t<sr7-slide id=\"SR7_2_1-9\" data-key=\"9\">\n\t\t\t\t\t\t\t<sr7-bg id=\"SR7_2_1-9-55\" class=\"sr7-layer\"><noscript><img decoding=\"async\" src=\"https:\/\/ecofiltro.eco.br\/provisorio\/wp-content\/uploads\/2025\/05\/GOTA-ESMAECIDO_1-3.png\" alt=\"\" title=\"GOTA ESMAECIDO_1 (3)\"><\/noscript><\/sr7-bg>\n\t\t\t\t\t\t\t<sr7-txt id=\"SR7_2_1-9-0\" class=\"sr7-layer\"><\/sr7-txt>\n\t\t\t\t\t\t\t<sr7-txt id=\"SR7_2_1-9-5\" class=\"sr7-layer\"><\/sr7-txt>\n\t\t\t\t\t\t\t<sr7-txt id=\"SR7_2_1-9-8\" class=\"sr7-layer\">\u2022 Prote\u00e7\u00e3o do sistema de inje\u00e7\u00e3o de combust\u00edvel<br \/>\n\u2022 Maior vida \u00fatil para o motor<br \/>\n\u2022 Alta efici\u00eancia de filtragem (5 micras)<br \/>\n\u2022 Maior efici\u00eancia na queima de combust\u00edvel<br \/>\n\u2022 Extens\u00e3o do per\u00edodo de troca de filtro para at\u00e9 60.000 km ou 600 horas<br \/>\n\u2022 Sustentabilidade e menor impacto ambiental<\/sr7-txt>\n\t\t\t\t\t\t\t<sr7-txt id=\"SR7_2_1-9-39\" class=\"sr7-layer\">VANTAJOSO<\/sr7-txt>\n\t\t\t\t\t\t<\/sr7-slide>\n\t\t\t\t\t\t<sr7-slide id=\"SR7_2_1-10\" data-key=\"10\">\n\t\t\t\t\t\t\t<sr7-bg id=\"SR7_2_1-10-54\" class=\"sr7-layer\"><noscript><img decoding=\"async\" src=\"https:\/\/ecofiltro.eco.br\/provisorio\/wp-content\/uploads\/2025\/05\/GOTA-ESMAECIDO_1-3.png\" alt=\"\" title=\"GOTA ESMAECIDO_1 (3)\"><\/noscript><\/sr7-bg>\n\t\t\t\t\t\t\t<sr7-txt id=\"SR7_2_1-10-0\" class=\"sr7-layer\"><\/sr7-txt>\n\t\t\t\t\t\t\t<sr7-txt id=\"SR7_2_1-10-5\" class=\"sr7-layer\"><\/sr7-txt>\n\t\t\t\t\t\t\t<sr7-txt id=\"SR7_2_1-10-9\" class=\"sr7-layer\">Caminh\u00f5es<\/sr7-txt>\n\t\t\t\t\t\t\t<sr7-txt id=\"SR7_2_1-10-13\" class=\"sr7-layer\">APLICA\u00c7\u00d5ES<\/sr7-txt>\n\t\t\t\t\t\t\t<sr7-txt id=\"SR7_2_1-10-18\" class=\"sr7-layer\">Navios<\/sr7-txt>\n\t\t\t\t\t\t\t<sr7-txt id=\"SR7_2_1-10-30\" class=\"sr7-layer\">Tratores<\/sr7-txt>\n\t\t\t\t\t\t\t<sr7-txt id=\"SR7_2_1-10-32\" class=\"sr7-layer\">Trens<\/sr7-txt>\n\t\t\t\t\t\t\t<sr7-txt id=\"SR7_2_1-10-35\" class=\"sr7-layer\">Geradores | \u00d4nibus | Ind\u00fastrias | Postos de Abastecimento<\/sr7-txt>\n\t\t\t\t\t\t<\/sr7-slide>\n\t\t\t\t\t\t<sr7-slide id=\"SR7_2_1-11\" data-key=\"11\">\n\t\t\t\t\t\t\t<sr7-bg id=\"SR7_2_1-11-49\" class=\"sr7-layer\"><noscript><img decoding=\"async\" src=\"https:\/\/ecofiltro.eco.br\/provisorio\/wp-content\/uploads\/2025\/05\/GOTA-ESMAECIDO_1-3.png\" alt=\"\" title=\"GOTA ESMAECIDO_1 (3)\"><\/noscript><\/sr7-bg>\n\t\t\t\t\t\t\t<sr7-txt id=\"SR7_2_1-11-0\" class=\"sr7-layer\"><\/sr7-txt>\n\t\t\t\t\t\t\t<sr7-txt id=\"SR7_2_1-11-5\" class=\"sr7-layer\"><\/sr7-txt>\n\t\t\t\t\t\t\t<sr7-txt id=\"SR7_2_1-11-36\" class=\"sr7-layer\">\u2022 Sistema de filtragem para posto de abastecimento - Linha MAX<br \/>\n\u2022 Filtro de Arla 32 - Linha AirBasic Alcaline<br \/>\n\u2022 Filtro para ar comprimido - Linha Rubbi Air<br \/>\n\u2022 Otimizador de diesel e flex - Linha Velott<br \/>\n\u2022 Equipamentos de di\u00e1lise de diesel e limpeza de serpentina de freio - VelloClean<br \/>\n\u2022 Stop Dust - Supressor de poeira -  Linha ecol\u00f3gica de poeira<br \/>\n\u2022 M\u00e1quinas especiais de transfer\u00eancia<br \/>\n\u2022 Projetos especiais - Desenvolvimento de projetos segundo a necessidade do cliente<\/sr7-txt>\n\t\t\t\t\t\t\t<sr7-txt id=\"SR7_2_1-11-45\" class=\"sr7-layer\">PRODUTOS<\/sr7-txt>\n\t\t\t\t\t\t<\/sr7-slide>\n\t\t\t\t\t\t<sr7-slide id=\"SR7_2_1-14\" data-key=\"14\">\n\t\t\t\t\t\t\t<sr7-bg id=\"SR7_2_1-14-58\" class=\"sr7-layer\"><noscript><img decoding=\"async\" src=\"https:\/\/ecofiltro.eco.br\/provisorio\/wp-content\/uploads\/2025\/05\/GOTA-ESMAECIDO_1-3.png\" alt=\"\" title=\"GOTA ESMAECIDO_1 (3)\"><\/noscript><\/sr7-bg>\n\t\t\t\t\t\t\t<sr7-txt id=\"SR7_2_1-14-0\" class=\"sr7-layer\"><\/sr7-txt>\n\t\t\t\t\t\t\t<sr7-txt id=\"SR7_2_1-14-5\" class=\"sr7-layer\"><\/sr7-txt>\n\t\t\t\t\t\t\t<sr7-txt id=\"SR7_2_1-14-45\" class=\"sr7-layer\">SOLICITE UM OR\u00c7AMENTO<\/sr7-txt>\n\t\t\t\t\t\t\t<sr7-txt id=\"SR7_2_1-14-56\" class=\"sr7-layer\">ENVIAR<\/sr7-txt>\n\t\t\t\t\t\t<\/sr7-slide>\n\t\t\t\t\t\t<sr7-slide id=\"SR7_2_1-7\" data-key=\"7\">\n\t\t\t\t\t\t\t<a id=\"SR7_2_1-7-14\" class=\"sr7-layer\" href=\"#\" target=\"_blank\" rel=\"noopener\"><\/a>\n\t\t\t\t\t\t\t<sr7-txt id=\"SR7_2_1-7-22\" class=\"sr7-layer\"><i class=\"fa-angle-up\"><\/i><\/sr7-txt>\n\t\t\t\t\t\t\t<sr7-txt id=\"SR7_2_1-7-23\" class=\"sr7-layer\"><i class=\"fa-angle-down\"><\/i><\/sr7-txt>\n\t\t\t\t\t\t<\/sr7-slide>\n\t\t\t\t\t<\/sr7-content>\n\t\t\t\t\t<image_lists style=\"display:none\">\n\t\t\t\t\t\t<img data-src=\"\/\/ecofiltro.eco.br\/provisorio\/wp-content\/uploads\/2025\/05\/17-1.png\" data-libid=\"82\" data-lib=\"medialibrary\" title=\"17\" width=\"0\" height=\"0\" data-dbsrc=\"Ly9lY29maWx0cm8uZWNvLmJyL3Byb3Zpc29yaW8vd3AtY29udGVudC91cGxvYWRzLzIwMjUvMDUvMTctMS5wbmc=\"\/>\n\t\t\t\t\t\t<img data-src=\"\/\/ecofiltro.eco.br\/provisorio\/wp-content\/uploads\/2025\/05\/11.png\" data-libid=\"58\" data-lib=\"medialibrary\" title=\"11\" width=\"0\" height=\"0\" data-dbsrc=\"Ly9lY29maWx0cm8uZWNvLmJyL3Byb3Zpc29yaW8vd3AtY29udGVudC91cGxvYWRzLzIwMjUvMDUvMTEucG5n\"\/>\n\t\t\t\t\t\t<img data-src=\"\/\/ecofiltro.eco.br\/provisorio\/wp-content\/uploads\/2025\/05\/GOTA-ESMAECIDO_1-3.png\" data-libid=\"145\" data-lib=\"medialibrary\" title=\"GOTA ESMAECIDO_1 (3)\" width=\"0\" height=\"0\" data-dbsrc=\"Ly9lY29maWx0cm8uZWNvLmJyL3Byb3Zpc29yaW8vd3AtY29udGVudC91cGxvYWRzLzIwMjUvMDUvR09UQS1FU01BRUNJRE9fMS0zLnBuZw==\"\/>\n\t\t\t\t\t\t<img loading=\"lazy\" data-src=\"\/\/ecofiltro.eco.br\/provisorio\/wp-content\/uploads\/revslider\/artistic-parallax-slider\/shadow11.png\" data-libid=\"19\" data-lib=\"medialibrary\" title=\"shadow11.png\" width=\"0\" height=\"0\" data-dbsrc=\"Ly9lY29maWx0cm8uZWNvLmJyL3Byb3Zpc29yaW8vd3AtY29udGVudC91cGxvYWRzL3JldnNsaWRlci9hcnRpc3RpYy1wYXJhbGxheC1zbGlkZXIvc2hhZG93MTEucG5n\"\/>\n\t\t\t\t\t\t<img loading=\"lazy\" data-src=\"\/\/ecofiltro.eco.br\/provisorio\/wp-content\/uploads\/2025\/05\/19-2.png\" data-libid=\"92\" data-lib=\"medialibrary\" title=\"19\" width=\"0\" height=\"0\" data-dbsrc=\"Ly9lY29maWx0cm8uZWNvLmJyL3Byb3Zpc29yaW8vd3AtY29udGVudC91cGxvYWRzLzIwMjUvMDUvMTktMi5wbmc=\"\/>\n\t\t\t\t\t\t<img loading=\"lazy\" data-src=\"\/\/ecofiltro.eco.br\/provisorio\/wp-content\/uploads\/2025\/05\/16-1.png\" data-libid=\"81\" data-lib=\"medialibrary\" title=\"16\" width=\"0\" height=\"0\" data-dbsrc=\"Ly9lY29maWx0cm8uZWNvLmJyL3Byb3Zpc29yaW8vd3AtY29udGVudC91cGxvYWRzLzIwMjUvMDUvMTYtMS5wbmc=\"\/>\n\t\t\t\t\t\t<img loading=\"lazy\" data-src=\"\/\/ecofiltro.eco.br\/provisorio\/wp-content\/uploads\/2025\/05\/14.png\" data-libid=\"61\" data-lib=\"medialibrary\" title=\"14\" width=\"0\" height=\"0\" data-dbsrc=\"Ly9lY29maWx0cm8uZWNvLmJyL3Byb3Zpc29yaW8vd3AtY29udGVudC91cGxvYWRzLzIwMjUvMDUvMTQucG5n\"\/>\n\t\t\t\t\t\t<img loading=\"lazy\" data-src=\"\/\/ecofiltro.eco.br\/provisorio\/wp-content\/uploads\/2025\/05\/15-1.png\" data-libid=\"84\" data-lib=\"medialibrary\" title=\"15\" width=\"0\" height=\"0\" data-dbsrc=\"Ly9lY29maWx0cm8uZWNvLmJyL3Byb3Zpc29yaW8vd3AtY29udGVudC91cGxvYWRzLzIwMjUvMDUvMTUtMS5wbmc=\"\/>\n\t\t\t\t\t\t<img loading=\"lazy\" data-src=\"\/\/ecofiltro.eco.br\/provisorio\/wp-content\/uploads\/2025\/05\/Material-para-o-site-3.png\" data-libid=\"87\" data-lib=\"medialibrary\" title=\"Material para o site (3)\" width=\"0\" height=\"0\" data-dbsrc=\"Ly9lY29maWx0cm8uZWNvLmJyL3Byb3Zpc29yaW8vd3AtY29udGVudC91cGxvYWRzLzIwMjUvMDUvTWF0ZXJpYWwtcGFyYS1vLXNpdGUtMy5wbmc=\"\/>\n\t\t\t\t\t\t<img loading=\"lazy\" data-src=\"\/\/ecofiltro.eco.br\/provisorio\/wp-content\/uploads\/2025\/05\/12.png\" data-libid=\"59\" data-lib=\"medialibrary\" title=\"12\" width=\"0\" height=\"0\" data-dbsrc=\"Ly9lY29maWx0cm8uZWNvLmJyL3Byb3Zpc29yaW8vd3AtY29udGVudC91cGxvYWRzLzIwMjUvMDUvMTIucG5n\"\/>\n\t\t\t\t\t\t<img loading=\"lazy\" data-src=\"\/\/ecofiltro.eco.br\/provisorio\/wp-content\/uploads\/2025\/05\/28.png\" data-libid=\"75\" data-lib=\"medialibrary\" title=\"28\" width=\"0\" height=\"0\" data-dbsrc=\"Ly9lY29maWx0cm8uZWNvLmJyL3Byb3Zpc29yaW8vd3AtY29udGVudC91cGxvYWRzLzIwMjUvMDUvMjgucG5n\"\/>\n\t\t\t\t\t\t<img loading=\"lazy\" data-src=\"\/\/ecofiltro.eco.br\/provisorio\/wp-content\/uploads\/2025\/05\/23.png\" data-libid=\"70\" data-lib=\"medialibrary\" title=\"23\" width=\"0\" height=\"0\" data-dbsrc=\"Ly9lY29maWx0cm8uZWNvLmJyL3Byb3Zpc29yaW8vd3AtY29udGVudC91cGxvYWRzLzIwMjUvMDUvMjMucG5n\"\/>\n\t\t\t\t\t\t<img loading=\"lazy\" data-src=\"\/\/ecofiltro.eco.br\/provisorio\/wp-content\/uploads\/2025\/05\/25.png\" data-libid=\"128\" data-lib=\"medialibrary\" title=\"25\" width=\"0\" height=\"0\" data-dbsrc=\"Ly9lY29maWx0cm8uZWNvLmJyL3Byb3Zpc29yaW8vd3AtY29udGVudC91cGxvYWRzLzIwMjUvMDUvMjUucG5n\"\/>\n\t\t\t\t\t\t<img loading=\"lazy\" data-src=\"\/\/ecofiltro.eco.br\/provisorio\/wp-content\/uploads\/2025\/05\/ECF.png\" data-libid=\"140\" data-lib=\"medialibrary\" title=\"ECF\" width=\"0\" height=\"0\" data-dbsrc=\"Ly9lY29maWx0cm8uZWNvLmJyL3Byb3Zpc29yaW8vd3AtY29udGVudC91cGxvYWRzLzIwMjUvMDUvRUNGLnBuZw==\"\/>\n\t\t\t\t\t\t<img loading=\"lazy\" data-src=\"\/\/ecofiltro.eco.br\/provisorio\/wp-content\/uploads\/2025\/05\/1.png\" data-libid=\"27\" data-lib=\"medialibrary\" title=\"1\" width=\"0\" height=\"0\" data-dbsrc=\"Ly9lY29maWx0cm8uZWNvLmJyL3Byb3Zpc29yaW8vd3AtY29udGVudC91cGxvYWRzLzIwMjUvMDUvMS5wbmc=\"\/>\n\t\t\t\t\t<\/image_lists>\n\t\t\t\t<\/sr7-module>\n\t\t\t\t<script>\n\t\t\t\t\tSR7.PMH ??={}; SR7.PMH[\"SR7_2_1\"] = {cn:100,state:false,fn: function() { if (_tpt!==undefined && _tpt.prepareModuleHeight !== undefined) {  _tpt.prepareModuleHeight({id:\"SR7_2_1\",el:[900,900,768,960,720],type:'standard',shdw:'1',gh:[900,900,768,960,720],gw:[1240,1240,1024,778,480],vpt:['-200px&#039;,&#039;-200px&#039;,&#039;-200px&#039;,&#039;-200px&#039;,&#039;-200px'],size:{fullWidth:true, fullHeight:true},fho:'#masthead,',mh:'0',onh:0,onw:0,bg:{color:'{\"orig\":\"transparent\",\"type\":\"solid\",\"string\":\"transparent\"}'},plType:'0',plColor:'#FFFFFF'});   SR7.PMH[\"SR7_2_1\"].state=true;} else if(SR7.PMH[\"SR7_2_1\"].cn-->0)\tsetTimeout( SR7.PMH[\"SR7_2_1\"].fn,19);}};SR7.PMH[\"SR7_2_1\" ].fn();\n\t\t\t\t<\/script>\n<\/div>\n\n\t\t\t\t\t\t<\/div>\n\t\t\t\t<\/div>\n\t\t\t\t\t<\/div>\n\t\t\t\t<\/div>\n\t\t<div class=\"elementor-element elementor-element-304d35d e-flex e-con-boxed e-con e-parent\" data-id=\"304d35d\" data-element_type=\"container\">\n\t\t\t\t\t<div class=\"e-con-inner\">\n\t\t\t\t<div class=\"elementor-element elementor-element-147ac76 elementor-align-center elementor-widget elementor-widget-button\" data-id=\"147ac76\" data-element_type=\"widget\" data-widget_type=\"button.default\">\n\t\t\t\t<div class=\"elementor-widget-container\">\n\t\t\t\t\t\t\t\t\t<div class=\"elementor-button-wrapper\">\n\t\t\t\t\t<a class=\"elementor-button elementor-button-link elementor-size-sm\" href=\"https:\/\/ecofiltro.eco.br\/\">\n\t\t\t\t\t\t<span class=\"elementor-button-content-wrapper\">\n\t\t\t\t\t\t<span class=\"elementor-button-icon\">\n\t\t\t\t<svg aria-hidden=\"true\" class=\"e-font-icon-svg e-far-arrow-alt-circle-left\" viewBox=\"0 0 512 512\" xmlns=\"http:\/\/www.w3.org\/2000\/svg\"><path d=\"M8 256c0 137 111 248 248 248s248-111 248-248S393 8 256 8 8 119 8 256zm448 0c0 110.5-89.5 200-200 200S56 366.5 56 256 145.5 56 256 56s200 89.5 200 200zm-72-20v40c0 6.6-5.4 12-12 12H256v67c0 10.7-12.9 16-20.5 8.5l-99-99c-4.7-4.7-4.7-12.3 0-17l99-99c7.6-7.6 20.5-2.2 20.5 8.5v67h116c6.6 0 12 5.4 12 12z\"><\/path><\/svg>\t\t\t<\/span>\n\t\t\t\t\t\t\t\t\t<span class=\"elementor-button-text\">VOLTAR<\/span>\n\t\t\t\t\t<\/span>\n\t\t\t\t\t<\/a>\n\t\t\t\t<\/div>\n\t\t\t\t\t\t\t\t<\/div>\n\t\t\t\t<\/div>\n\t\t\t\t\t<\/div>\n\t\t\t\t<\/div>\n\t\t\t\t<\/div>\n\t\t","protected":false},"excerpt":{"rendered":"<p>VOLTAR<\/p>\n","protected":false},"author":1,"featured_media":0,"parent":0,"menu_order":0,"comment_status":"closed","ping_status":"closed","template":"elementor_header_footer","meta":{"footnotes":""},"class_list":["post-577","page","type-page","status-publish","hentry"],"yoast_head":"<!-- This site is optimized with the Yoast SEO Premium plugin v27.0 (Yoast SEO v27.0) - https:\/\/yoast.com\/product\/yoast-seo-premium-wordpress\/ -->\n<title>Apresenta\u00e7\u00e3o Ecofiltro - Ecofiltro Harcap<\/title>\n<meta name=\"robots\" content=\"index, follow, max-snippet:-1, max-image-preview:large, max-video-preview:-1\" \/>\n<link rel=\"canonical\" href=\"https:\/\/ecofiltro.eco.br\/provisorio\/index.php\/apresentacao-ecofiltro\/\" \/>\n<meta property=\"og:locale\" content=\"pt_BR\" \/>\n<meta property=\"og:type\" content=\"article\" \/>\n<meta property=\"og:title\" content=\"Apresenta\u00e7\u00e3o Ecofiltro\" \/>\n<meta property=\"og:description\" content=\"VOLTAR\" \/>\n<meta property=\"og:url\" content=\"https:\/\/ecofiltro.eco.br\/provisorio\/index.php\/apresentacao-ecofiltro\/\" \/>\n<meta property=\"og:site_name\" content=\"Ecofiltro Harcap\" \/>\n<meta property=\"article:publisher\" content=\"https:\/\/web.facebook.com\/ecofiltroharcap\" \/>\n<meta property=\"article:modified_time\" content=\"2026-02-10T21:49:51+00:00\" \/>\n<meta name=\"twitter:card\" content=\"summary_large_image\" \/>\n<script type=\"application\/ld+json\" class=\"yoast-schema-graph\">{\"@context\":\"https:\/\/schema.org\",\"@graph\":[{\"@type\":\"WebPage\",\"@id\":\"https:\/\/ecofiltro.eco.br\/provisorio\/index.php\/apresentacao-ecofiltro\/\",\"url\":\"https:\/\/ecofiltro.eco.br\/provisorio\/index.php\/apresentacao-ecofiltro\/\",\"name\":\"Apresenta\u00e7\u00e3o Ecofiltro - Ecofiltro Harcap\",\"isPartOf\":{\"@id\":\"https:\/\/ecofiltro.eco.br\/provisorio\/#website\"},\"datePublished\":\"2026-02-10T21:48:00+00:00\",\"dateModified\":\"2026-02-10T21:49:51+00:00\",\"breadcrumb\":{\"@id\":\"https:\/\/ecofiltro.eco.br\/provisorio\/index.php\/apresentacao-ecofiltro\/#breadcrumb\"},\"inLanguage\":\"pt-BR\",\"potentialAction\":[{\"@type\":\"ReadAction\",\"target\":[\"https:\/\/ecofiltro.eco.br\/provisorio\/index.php\/apresentacao-ecofiltro\/\"]}]},{\"@type\":\"BreadcrumbList\",\"@id\":\"https:\/\/ecofiltro.eco.br\/provisorio\/index.php\/apresentacao-ecofiltro\/#breadcrumb\",\"itemListElement\":[{\"@type\":\"ListItem\",\"position\":1,\"name\":\"In\u00edcio\",\"item\":\"https:\/\/ecofiltro.eco.br\/provisorio\/\"},{\"@type\":\"ListItem\",\"position\":2,\"name\":\"Apresenta\u00e7\u00e3o Ecofiltro\"}]},{\"@type\":\"WebSite\",\"@id\":\"https:\/\/ecofiltro.eco.br\/provisorio\/#website\",\"url\":\"https:\/\/ecofiltro.eco.br\/provisorio\/\",\"name\":\"Ecofiltro Harcap\",\"description\":\"\",\"publisher\":{\"@id\":\"https:\/\/ecofiltro.eco.br\/provisorio\/#organization\"},\"potentialAction\":[{\"@type\":\"SearchAction\",\"target\":{\"@type\":\"EntryPoint\",\"urlTemplate\":\"https:\/\/ecofiltro.eco.br\/provisorio\/?s={search_term_string}\"},\"query-input\":{\"@type\":\"PropertyValueSpecification\",\"valueRequired\":true,\"valueName\":\"search_term_string\"}}],\"inLanguage\":\"pt-BR\"},{\"@type\":\"Organization\",\"@id\":\"https:\/\/ecofiltro.eco.br\/provisorio\/#organization\",\"name\":\"Ecofiltro Harcap\",\"url\":\"https:\/\/ecofiltro.eco.br\/provisorio\/\",\"logo\":{\"@type\":\"ImageObject\",\"inLanguage\":\"pt-BR\",\"@id\":\"https:\/\/ecofiltro.eco.br\/provisorio\/#\/schema\/logo\/image\/\",\"url\":\"https:\/\/ecofiltro.eco.br\/provisorio\/wp-content\/uploads\/2025\/05\/1-1.png\",\"contentUrl\":\"https:\/\/ecofiltro.eco.br\/provisorio\/wp-content\/uploads\/2025\/05\/1-1.png\",\"width\":2000,\"height\":1414,\"caption\":\"Ecofiltro Harcap\"},\"image\":{\"@id\":\"https:\/\/ecofiltro.eco.br\/provisorio\/#\/schema\/logo\/image\/\"},\"sameAs\":[\"https:\/\/web.facebook.com\/ecofiltroharcap\",\"https:\/\/www.instagram.com\/ecofiltroharcap\/\"]}]}<\/script>\n<!-- \/ Yoast SEO Premium plugin. -->","yoast_head_json":{"title":"Apresenta\u00e7\u00e3o Ecofiltro - Ecofiltro Harcap","robots":{"index":"index","follow":"follow","max-snippet":"max-snippet:-1","max-image-preview":"max-image-preview:large","max-video-preview":"max-video-preview:-1"},"canonical":"https:\/\/ecofiltro.eco.br\/provisorio\/index.php\/apresentacao-ecofiltro\/","og_locale":"pt_BR","og_type":"article","og_title":"Apresenta\u00e7\u00e3o Ecofiltro","og_description":"VOLTAR","og_url":"https:\/\/ecofiltro.eco.br\/provisorio\/index.php\/apresentacao-ecofiltro\/","og_site_name":"Ecofiltro Harcap","article_publisher":"https:\/\/web.facebook.com\/ecofiltroharcap","article_modified_time":"2026-02-10T21:49:51+00:00","twitter_card":"summary_large_image","schema":{"@context":"https:\/\/schema.org","@graph":[{"@type":"WebPage","@id":"https:\/\/ecofiltro.eco.br\/provisorio\/index.php\/apresentacao-ecofiltro\/","url":"https:\/\/ecofiltro.eco.br\/provisorio\/index.php\/apresentacao-ecofiltro\/","name":"Apresenta\u00e7\u00e3o Ecofiltro - Ecofiltro Harcap","isPartOf":{"@id":"https:\/\/ecofiltro.eco.br\/provisorio\/#website"},"datePublished":"2026-02-10T21:48:00+00:00","dateModified":"2026-02-10T21:49:51+00:00","breadcrumb":{"@id":"https:\/\/ecofiltro.eco.br\/provisorio\/index.php\/apresentacao-ecofiltro\/#breadcrumb"},"inLanguage":"pt-BR","potentialAction":[{"@type":"ReadAction","target":["https:\/\/ecofiltro.eco.br\/provisorio\/index.php\/apresentacao-ecofiltro\/"]}]},{"@type":"BreadcrumbList","@id":"https:\/\/ecofiltro.eco.br\/provisorio\/index.php\/apresentacao-ecofiltro\/#breadcrumb","itemListElement":[{"@type":"ListItem","position":1,"name":"In\u00edcio","item":"https:\/\/ecofiltro.eco.br\/provisorio\/"},{"@type":"ListItem","position":2,"name":"Apresenta\u00e7\u00e3o Ecofiltro"}]},{"@type":"WebSite","@id":"https:\/\/ecofiltro.eco.br\/provisorio\/#website","url":"https:\/\/ecofiltro.eco.br\/provisorio\/","name":"Ecofiltro Harcap","description":"","publisher":{"@id":"https:\/\/ecofiltro.eco.br\/provisorio\/#organization"},"potentialAction":[{"@type":"SearchAction","target":{"@type":"EntryPoint","urlTemplate":"https:\/\/ecofiltro.eco.br\/provisorio\/?s={search_term_string}"},"query-input":{"@type":"PropertyValueSpecification","valueRequired":true,"valueName":"search_term_string"}}],"inLanguage":"pt-BR"},{"@type":"Organization","@id":"https:\/\/ecofiltro.eco.br\/provisorio\/#organization","name":"Ecofiltro Harcap","url":"https:\/\/ecofiltro.eco.br\/provisorio\/","logo":{"@type":"ImageObject","inLanguage":"pt-BR","@id":"https:\/\/ecofiltro.eco.br\/provisorio\/#\/schema\/logo\/image\/","url":"https:\/\/ecofiltro.eco.br\/provisorio\/wp-content\/uploads\/2025\/05\/1-1.png","contentUrl":"https:\/\/ecofiltro.eco.br\/provisorio\/wp-content\/uploads\/2025\/05\/1-1.png","width":2000,"height":1414,"caption":"Ecofiltro Harcap"},"image":{"@id":"https:\/\/ecofiltro.eco.br\/provisorio\/#\/schema\/logo\/image\/"},"sameAs":["https:\/\/web.facebook.com\/ecofiltroharcap","https:\/\/www.instagram.com\/ecofiltroharcap\/"]}]}},"_links":{"self":[{"href":"https:\/\/ecofiltro.eco.br\/provisorio\/index.php\/wp-json\/wp\/v2\/pages\/577","targetHints":{"allow":["GET"]}}],"collection":[{"href":"https:\/\/ecofiltro.eco.br\/provisorio\/index.php\/wp-json\/wp\/v2\/pages"}],"about":[{"href":"https:\/\/ecofiltro.eco.br\/provisorio\/index.php\/wp-json\/wp\/v2\/types\/page"}],"author":[{"embeddable":true,"href":"https:\/\/ecofiltro.eco.br\/provisorio\/index.php\/wp-json\/wp\/v2\/users\/1"}],"replies":[{"embeddable":true,"href":"https:\/\/ecofiltro.eco.br\/provisorio\/index.php\/wp-json\/wp\/v2\/comments?post=577"}],"version-history":[{"count":4,"href":"https:\/\/ecofiltro.eco.br\/provisorio\/index.php\/wp-json\/wp\/v2\/pages\/577\/revisions"}],"predecessor-version":[{"id":581,"href":"https:\/\/ecofiltro.eco.br\/provisorio\/index.php\/wp-json\/wp\/v2\/pages\/577\/revisions\/581"}],"wp:attachment":[{"href":"https:\/\/ecofiltro.eco.br\/provisorio\/index.php\/wp-json\/wp\/v2\/media?parent=577"}],"curies":[{"name":"wp","href":"https:\/\/api.w.org\/{rel}","templated":true}]}}