{"id":471,"date":"2025-08-04T18:40:06","date_gmt":"2025-08-04T18:40:06","guid":{"rendered":"https:\/\/ecofiltro.eco.br\/provisorio\/?page_id=471"},"modified":"2026-02-25T16:01:33","modified_gmt":"2026-02-25T16:01:33","slug":"ar-comprimido","status":"publish","type":"page","link":"https:\/\/ecofiltro.eco.br\/provisorio\/index.php\/ar-comprimido\/","title":{"rendered":"Ar Comprimido"},"content":{"rendered":"\t\t<div data-elementor-type=\"wp-page\" data-elementor-id=\"471\" class=\"elementor elementor-471\" data-elementor-post-type=\"page\">\n\t\t\t\t<div class=\"elementor-element elementor-element-4583753d e-flex e-con-boxed e-con e-parent\" data-id=\"4583753d\" data-element_type=\"container\" data-settings=\"{&quot;background_background&quot;:&quot;classic&quot;}\">\n\t\t\t\t\t<div class=\"e-con-inner\">\n\t\t<div class=\"elementor-element elementor-element-5830f143 e-con-full e-flex e-con e-child\" data-id=\"5830f143\" data-element_type=\"container\">\n\t\t\t\t<div class=\"elementor-element elementor-element-a4d7417 elementor-widget__width-initial elementor-invisible elementor-widget elementor-widget-heading\" data-id=\"a4d7417\" data-element_type=\"widget\" data-settings=\"{&quot;_animation&quot;:&quot;fadeInUp&quot;,&quot;_animation_delay&quot;:200}\" data-widget_type=\"heading.default\">\n\t\t\t\t<div class=\"elementor-widget-container\">\n\t\t\t\t\t<h1 class=\"elementor-heading-title elementor-size-default\">Ar Comprimido<\/h1>\t\t\t\t<\/div>\n\t\t\t\t<\/div>\n\t\t\t\t<div class=\"elementor-element elementor-element-2110a6e7 elementor-invisible elementor-widget elementor-widget-heading\" data-id=\"2110a6e7\" data-element_type=\"widget\" data-settings=\"{&quot;_animation&quot;:&quot;fadeInUp&quot;,&quot;_animation_delay&quot;:300}\" data-widget_type=\"heading.default\">\n\t\t\t\t<div class=\"elementor-widget-container\">\n\t\t\t\t\t<div class=\"elementor-heading-title elementor-size-default\">Sistemas de reten\u00e7\u00e3o de \u00e1gua e umidade do ar e de linhas de ar comprimido.<\/div>\t\t\t\t<\/div>\n\t\t\t\t<\/div>\n\t\t\t\t<\/div>\n\t\t\t\t\t<\/div>\n\t\t\t\t<\/div>\n\t\t<div class=\"elementor-element elementor-element-2ab756d1 e-flex e-con-boxed e-con e-parent\" data-id=\"2ab756d1\" data-element_type=\"container\">\n\t\t\t\t\t<div class=\"e-con-inner\">\n\t\t<div class=\"elementor-element elementor-element-555239ea e-con-full e-grid e-con e-child\" data-id=\"555239ea\" data-element_type=\"container\">\n\t\t\t\t<div class=\"elementor-element elementor-element-54f5f2f6 elementor-widget elementor-widget-text-editor\" data-id=\"54f5f2f6\" data-element_type=\"widget\" data-widget_type=\"text-editor.default\">\n\t\t\t\t<div class=\"elementor-widget-container\">\n\t\t\t\t\t\t\t\t\t<h4>Tecnologia em Ar Comprimido<\/h4><p>A <strong>Ecofiltro<\/strong> apresenta o <strong>ECOFILTRO RUBBI AIR<\/strong>, a solu\u00e7\u00e3o definitiva para a purifica\u00e7\u00e3o do ar comprimido em seus sistemas pneum\u00e1ticos. Projetado com tecnologia de ponta, o RUBBI AIR garante desempenho superior e prolonga a vida \u00fatil dos seus equipamentos.<\/p><p><strong>ECOFILTRO RUBBI AIR:<\/strong> Ar Comprimido Puro para o M\u00e1ximo Desempenho<br \/>Em sistemas pneum\u00e1ticos, a presen\u00e7a de \u00e1gua condensada, part\u00edculas, bact\u00e9rias e \u00f3leo lubrificante degradado pode comprometer seriamente a performance e a durabilidade dos equipamentos. O ECOFILTRO RUBBI AIR atua diretamente nesses problemas, oferecendo uma filtragem eficaz para proteger componentes vitais.<\/p><p><strong>Tecnologia HARCAP:<\/strong> A Vantagem Exclusiva no Ar Comprimido<\/p><p>A inova\u00e7\u00e3o do ECOFILTRO RUBBI AIR reside na aplica\u00e7\u00e3o da exclusiva Tecnologia HARCAP \u2013 Hidrof\u00f3bico, Apolar com Reten\u00e7\u00e3o Cont\u00ednua de \u00c1gua e Part\u00edculas. Essa tecnologia confere aos refis caracter\u00edsticas hidrof\u00f3bicas apolares que repelem a passagem de \u00e1gua, combinadas com uma filtra\u00e7\u00e3o de profundidade de 1 micr\u00f4metro. Isso significa que o sistema de ar comprimido recebe um fluxo de ar purificado e livre de contaminantes indesejados.<\/p><p><strong>Benef\u00edcios e Utiliza\u00e7\u00e3o do ECOFILTRO RUBBI AIR:<\/strong><\/p><p>O ECOFILTRO RUBBI AIR \u00e9 indicado para uso em sistemas pneum\u00e1ticos no ponto de uso do ar comprimido, devendo ser instalado pr\u00f3ximo ao equipamento ou maquin\u00e1rio e, preferencialmente, antes do lubrifil. Seus benef\u00edcios incluem:<\/p><p>\u2022 Alta efici\u00eancia de filtragem (at\u00e9 0,5 micr\u00f4metros).<\/p><p>\u2022 Separa\u00e7\u00e3o de at\u00e9 99,9% da \u00e1gua condensada contaminante.<\/p><p>\u2022 Prote\u00e7\u00e3o de v\u00e1lvulas, motores, pist\u00f5es e outros componentes do sistema pneum\u00e1tico.<\/p><p>\u2022 Redu\u00e7\u00e3o da frequ\u00eancia de troca de filtros.<\/p><p>\u2022 O corpo do filtro \u00e9 permanente, necessitando apenas a troca do refil.<\/p><p><strong>Modelos Dispon\u00edveis:<\/strong><\/p><p><br \/>A linha Rubbi Air est\u00e1 dispon\u00edvel em diferentes tamanhos de refil para atender \u00e0s diversas necessidades:<\/p><p>\u2022 ECOFILTRO RUBBI AIR 10: Refil de 10 polegadas, com vaz\u00e3o de 1.400 l\/min.<\/p><p>\u2022 ECOFILTRO RUBBI AIR 5: Refil de 5 polegadas, com vaz\u00e3o de 700 l\/min.<\/p>\t\t\t\t\t\t\t\t<\/div>\n\t\t\t\t<\/div>\n\t\t<div class=\"elementor-element elementor-element-6d7ea17 e-grid e-con-full e-con e-child\" data-id=\"6d7ea17\" data-element_type=\"container\">\n\t\t\t\t<div class=\"elementor-element elementor-element-af76012 elementor-widget elementor-widget-image\" data-id=\"af76012\" data-element_type=\"widget\" data-widget_type=\"image.default\">\n\t\t\t\t<div class=\"elementor-widget-container\">\n\t\t\t\t\t\t\t\t\t\t\t\t\t\t\t<img fetchpriority=\"high\" decoding=\"async\" width=\"683\" height=\"1024\" src=\"https:\/\/ecofiltro.eco.br\/provisorio\/wp-content\/uploads\/2026\/02\/rubbi_air_1-683x1024.jpeg\" class=\"attachment-large size-large wp-image-669\" alt=\"\" srcset=\"https:\/\/ecofiltro.eco.br\/provisorio\/wp-content\/uploads\/2026\/02\/rubbi_air_1-683x1024.jpeg 683w, https:\/\/ecofiltro.eco.br\/provisorio\/wp-content\/uploads\/2026\/02\/rubbi_air_1-200x300.jpeg 200w, https:\/\/ecofiltro.eco.br\/provisorio\/wp-content\/uploads\/2026\/02\/rubbi_air_1-768x1152.jpeg 768w, https:\/\/ecofiltro.eco.br\/provisorio\/wp-content\/uploads\/2026\/02\/rubbi_air_1.jpeg 1024w\" sizes=\"(max-width: 683px) 100vw, 683px\" \/>\t\t\t\t\t\t\t\t\t\t\t\t\t\t\t<\/div>\n\t\t\t\t<\/div>\n\t\t\t\t<div class=\"elementor-element elementor-element-28e5ee9 elementor-widget elementor-widget-image\" data-id=\"28e5ee9\" data-element_type=\"widget\" data-widget_type=\"image.default\">\n\t\t\t\t<div class=\"elementor-widget-container\">\n\t\t\t\t\t\t\t\t\t\t\t\t\t\t\t<img decoding=\"async\" width=\"683\" height=\"1024\" src=\"https:\/\/ecofiltro.eco.br\/provisorio\/wp-content\/uploads\/2026\/02\/rubbi_air_2-683x1024.jpeg\" class=\"attachment-large size-large wp-image-670\" alt=\"\" srcset=\"https:\/\/ecofiltro.eco.br\/provisorio\/wp-content\/uploads\/2026\/02\/rubbi_air_2-683x1024.jpeg 683w, https:\/\/ecofiltro.eco.br\/provisorio\/wp-content\/uploads\/2026\/02\/rubbi_air_2-200x300.jpeg 200w, https:\/\/ecofiltro.eco.br\/provisorio\/wp-content\/uploads\/2026\/02\/rubbi_air_2-768x1152.jpeg 768w, https:\/\/ecofiltro.eco.br\/provisorio\/wp-content\/uploads\/2026\/02\/rubbi_air_2.jpeg 1024w\" sizes=\"(max-width: 683px) 100vw, 683px\" \/>\t\t\t\t\t\t\t\t\t\t\t\t\t\t\t<\/div>\n\t\t\t\t<\/div>\n\t\t\t\t<\/div>\n\t\t\t\t<\/div>\n\t\t<div class=\"elementor-element elementor-element-6491f2f3 e-con-full e-flex e-con e-child\" data-id=\"6491f2f3\" data-element_type=\"container\">\n\t\t<div class=\"elementor-element elementor-element-1073e5ae e-con-full e-flex e-con e-child\" data-id=\"1073e5ae\" data-element_type=\"container\" data-settings=\"{&quot;background_background&quot;:&quot;classic&quot;}\">\n\t\t\t\t<div class=\"elementor-element elementor-element-6ab0a427 elementor-widget elementor-widget-heading\" data-id=\"6ab0a427\" data-element_type=\"widget\" data-widget_type=\"heading.default\">\n\t\t\t\t<div class=\"elementor-widget-container\">\n\t\t\t\t\t<h4 class=\"elementor-heading-title elementor-size-default\">Interessou? Entre em contato.<\/h4>\t\t\t\t<\/div>\n\t\t\t\t<\/div>\n\t\t<div class=\"elementor-element elementor-element-6c5c7d1e e-con-full e-flex e-con e-child\" data-id=\"6c5c7d1e\" data-element_type=\"container\">\n\t\t\t\t<div class=\"elementor-element elementor-element-6738b7be elementor-view-stacked elementor-position-left elementor-mobile-position-left elementor-vertical-align-middle elementor-vertical-align-middle elementor-shape-circle elementor-widget elementor-widget-icon-box\" data-id=\"6738b7be\" data-element_type=\"widget\" data-widget_type=\"icon-box.default\">\n\t\t\t\t<div class=\"elementor-widget-container\">\n\t\t\t\t\t\t\t<div class=\"elementor-icon-box-wrapper\">\n\n\t\t\t\t\t\t<div class=\"elementor-icon-box-icon\">\n\t\t\t\t<span  class=\"elementor-icon\">\n\t\t\t\t<svg aria-hidden=\"true\" class=\"e-font-icon-svg e-fas-phone-alt\" viewBox=\"0 0 512 512\" xmlns=\"http:\/\/www.w3.org\/2000\/svg\"><path d=\"M497.39 361.8l-112-48a24 24 0 0 0-28 6.9l-49.6 60.6A370.66 370.66 0 0 1 130.6 204.11l60.6-49.6a23.94 23.94 0 0 0 6.9-28l-48-112A24.16 24.16 0 0 0 122.6.61l-104 24A24 24 0 0 0 0 48c0 256.5 207.9 464 464 464a24 24 0 0 0 23.4-18.6l24-104a24.29 24.29 0 0 0-14.01-27.6z\"><\/path><\/svg>\t\t\t\t<\/span>\n\t\t\t<\/div>\n\t\t\t\n\t\t\t\t\t\t<div class=\"elementor-icon-box-content\">\n\n\t\t\t\t\t\t\t\t\t<div class=\"elementor-icon-box-title\">\n\t\t\t\t\t\t<span  >\n\t\t\t\t\t\t\tTelefone\t\t\t\t\t\t<\/span>\n\t\t\t\t\t<\/div>\n\t\t\t\t\n\t\t\t\t\t\t\t\t\t<p class=\"elementor-icon-box-description\">\n\t\t\t\t\t\t(65) 4042-3080\t\t\t\t\t<\/p>\n\t\t\t\t\n\t\t\t<\/div>\n\t\t\t\n\t\t<\/div>\n\t\t\t\t\t\t<\/div>\n\t\t\t\t<\/div>\n\t\t\t\t<div class=\"elementor-element elementor-element-7cd25e9b elementor-view-stacked elementor-position-left elementor-mobile-position-left elementor-vertical-align-middle elementor-vertical-align-middle elementor-shape-circle elementor-widget elementor-widget-icon-box\" data-id=\"7cd25e9b\" data-element_type=\"widget\" data-widget_type=\"icon-box.default\">\n\t\t\t\t<div class=\"elementor-widget-container\">\n\t\t\t\t\t\t\t<div class=\"elementor-icon-box-wrapper\">\n\n\t\t\t\t\t\t<div class=\"elementor-icon-box-icon\">\n\t\t\t\t<span  class=\"elementor-icon\">\n\t\t\t\t<i aria-hidden=\"true\" class=\" icon_mail\"><\/i>\t\t\t\t<\/span>\n\t\t\t<\/div>\n\t\t\t\n\t\t\t\t\t\t<div class=\"elementor-icon-box-content\">\n\n\t\t\t\t\t\t\t\t\t<div class=\"elementor-icon-box-title\">\n\t\t\t\t\t\t<span  >\n\t\t\t\t\t\t\tEmail\t\t\t\t\t\t<\/span>\n\t\t\t\t\t<\/div>\n\t\t\t\t\n\t\t\t\t\t\t\t\t\t<p class=\"elementor-icon-box-description\">\n\t\t\t\t\t\tcomercial@ecofiltro.eco.br\t\t\t\t\t<\/p>\n\t\t\t\t\n\t\t\t<\/div>\n\t\t\t\n\t\t<\/div>\n\t\t\t\t\t\t<\/div>\n\t\t\t\t<\/div>\n\t\t\t\t<\/div>\n\t\t\t\t<\/div>\n\t\t\t\t<\/div>\n\t\t\t\t\t<\/div>\n\t\t\t\t<\/div>\n\t\t\t\t<\/div>\n\t\t","protected":false},"excerpt":{"rendered":"<p>Ar Comprimido Sistemas de reten\u00e7\u00e3o de \u00e1gua e umidade do ar e de linhas de ar comprimido. Tecnologia em Ar Comprimido A Ecofiltro apresenta o ECOFILTRO RUBBI AIR, a solu\u00e7\u00e3o definitiva para a purifica\u00e7\u00e3o do ar comprimido em seus sistemas pneum\u00e1ticos. Projetado com tecnologia de ponta, o RUBBI AIR garante desempenho superior e prolonga a [&hellip;]<\/p>\n","protected":false},"author":1,"featured_media":0,"parent":0,"menu_order":0,"comment_status":"closed","ping_status":"closed","template":"elementor_header_footer","meta":{"footnotes":""},"class_list":["post-471","page","type-page","status-publish","hentry"],"yoast_head":"<!-- This site is optimized with the Yoast SEO Premium plugin v27.0 (Yoast SEO v27.0) - https:\/\/yoast.com\/product\/yoast-seo-premium-wordpress\/ -->\n<title>Ar Comprimido - Ecofiltro Harcap<\/title>\n<meta name=\"robots\" content=\"index, follow, max-snippet:-1, max-image-preview:large, max-video-preview:-1\" \/>\n<link rel=\"canonical\" href=\"https:\/\/ecofiltro.eco.br\/provisorio\/index.php\/ar-comprimido\/\" \/>\n<meta property=\"og:locale\" content=\"pt_BR\" \/>\n<meta property=\"og:type\" content=\"article\" \/>\n<meta property=\"og:title\" content=\"Ar Comprimido\" \/>\n<meta property=\"og:description\" content=\"Ar Comprimido Sistemas de reten\u00e7\u00e3o de \u00e1gua e umidade do ar e de linhas de ar comprimido. Tecnologia em Ar Comprimido A Ecofiltro apresenta o ECOFILTRO RUBBI AIR, a solu\u00e7\u00e3o definitiva para a purifica\u00e7\u00e3o do ar comprimido em seus sistemas pneum\u00e1ticos. Projetado com tecnologia de ponta, o RUBBI AIR garante desempenho superior e prolonga a [&hellip;]\" \/>\n<meta property=\"og:url\" content=\"https:\/\/ecofiltro.eco.br\/provisorio\/index.php\/ar-comprimido\/\" \/>\n<meta property=\"og:site_name\" content=\"Ecofiltro Harcap\" \/>\n<meta property=\"article:publisher\" content=\"https:\/\/web.facebook.com\/ecofiltroharcap\" \/>\n<meta property=\"article:modified_time\" content=\"2026-02-25T16:01:33+00:00\" \/>\n<meta property=\"og:image\" content=\"https:\/\/ecofiltro.eco.br\/provisorio\/wp-content\/uploads\/2026\/02\/rubbi_air_1.jpeg\" \/>\n\t<meta property=\"og:image:width\" content=\"1024\" \/>\n\t<meta property=\"og:image:height\" content=\"1536\" \/>\n\t<meta property=\"og:image:type\" content=\"image\/jpeg\" \/>\n<meta name=\"twitter:card\" content=\"summary_large_image\" \/>\n<meta name=\"twitter:label1\" content=\"Est. tempo de leitura\" \/>\n\t<meta name=\"twitter:data1\" content=\"2 minutos\" \/>\n<script type=\"application\/ld+json\" class=\"yoast-schema-graph\">{\"@context\":\"https:\/\/schema.org\",\"@graph\":[{\"@type\":\"WebPage\",\"@id\":\"https:\/\/ecofiltro.eco.br\/provisorio\/index.php\/ar-comprimido\/\",\"url\":\"https:\/\/ecofiltro.eco.br\/provisorio\/index.php\/ar-comprimido\/\",\"name\":\"Ar Comprimido - Ecofiltro Harcap\",\"isPartOf\":{\"@id\":\"https:\/\/ecofiltro.eco.br\/provisorio\/#website\"},\"primaryImageOfPage\":{\"@id\":\"https:\/\/ecofiltro.eco.br\/provisorio\/index.php\/ar-comprimido\/#primaryimage\"},\"image\":{\"@id\":\"https:\/\/ecofiltro.eco.br\/provisorio\/index.php\/ar-comprimido\/#primaryimage\"},\"thumbnailUrl\":\"https:\/\/ecofiltro.eco.br\/provisorio\/wp-content\/uploads\/2026\/02\/rubbi_air_1-683x1024.jpeg\",\"datePublished\":\"2025-08-04T18:40:06+00:00\",\"dateModified\":\"2026-02-25T16:01:33+00:00\",\"breadcrumb\":{\"@id\":\"https:\/\/ecofiltro.eco.br\/provisorio\/index.php\/ar-comprimido\/#breadcrumb\"},\"inLanguage\":\"pt-BR\",\"potentialAction\":[{\"@type\":\"ReadAction\",\"target\":[\"https:\/\/ecofiltro.eco.br\/provisorio\/index.php\/ar-comprimido\/\"]}]},{\"@type\":\"ImageObject\",\"inLanguage\":\"pt-BR\",\"@id\":\"https:\/\/ecofiltro.eco.br\/provisorio\/index.php\/ar-comprimido\/#primaryimage\",\"url\":\"https:\/\/ecofiltro.eco.br\/provisorio\/wp-content\/uploads\/2026\/02\/rubbi_air_1.jpeg\",\"contentUrl\":\"https:\/\/ecofiltro.eco.br\/provisorio\/wp-content\/uploads\/2026\/02\/rubbi_air_1.jpeg\",\"width\":1024,\"height\":1536},{\"@type\":\"BreadcrumbList\",\"@id\":\"https:\/\/ecofiltro.eco.br\/provisorio\/index.php\/ar-comprimido\/#breadcrumb\",\"itemListElement\":[{\"@type\":\"ListItem\",\"position\":1,\"name\":\"In\u00edcio\",\"item\":\"https:\/\/ecofiltro.eco.br\/provisorio\/\"},{\"@type\":\"ListItem\",\"position\":2,\"name\":\"Ar Comprimido\"}]},{\"@type\":\"WebSite\",\"@id\":\"https:\/\/ecofiltro.eco.br\/provisorio\/#website\",\"url\":\"https:\/\/ecofiltro.eco.br\/provisorio\/\",\"name\":\"Ecofiltro Harcap\",\"description\":\"\",\"publisher\":{\"@id\":\"https:\/\/ecofiltro.eco.br\/provisorio\/#organization\"},\"potentialAction\":[{\"@type\":\"SearchAction\",\"target\":{\"@type\":\"EntryPoint\",\"urlTemplate\":\"https:\/\/ecofiltro.eco.br\/provisorio\/?s={search_term_string}\"},\"query-input\":{\"@type\":\"PropertyValueSpecification\",\"valueRequired\":true,\"valueName\":\"search_term_string\"}}],\"inLanguage\":\"pt-BR\"},{\"@type\":\"Organization\",\"@id\":\"https:\/\/ecofiltro.eco.br\/provisorio\/#organization\",\"name\":\"Ecofiltro Harcap\",\"url\":\"https:\/\/ecofiltro.eco.br\/provisorio\/\",\"logo\":{\"@type\":\"ImageObject\",\"inLanguage\":\"pt-BR\",\"@id\":\"https:\/\/ecofiltro.eco.br\/provisorio\/#\/schema\/logo\/image\/\",\"url\":\"https:\/\/ecofiltro.eco.br\/provisorio\/wp-content\/uploads\/2025\/05\/1-1.png\",\"contentUrl\":\"https:\/\/ecofiltro.eco.br\/provisorio\/wp-content\/uploads\/2025\/05\/1-1.png\",\"width\":2000,\"height\":1414,\"caption\":\"Ecofiltro Harcap\"},\"image\":{\"@id\":\"https:\/\/ecofiltro.eco.br\/provisorio\/#\/schema\/logo\/image\/\"},\"sameAs\":[\"https:\/\/web.facebook.com\/ecofiltroharcap\",\"https:\/\/www.instagram.com\/ecofiltroharcap\/\"]}]}<\/script>\n<!-- \/ Yoast SEO Premium plugin. -->","yoast_head_json":{"title":"Ar Comprimido - Ecofiltro Harcap","robots":{"index":"index","follow":"follow","max-snippet":"max-snippet:-1","max-image-preview":"max-image-preview:large","max-video-preview":"max-video-preview:-1"},"canonical":"https:\/\/ecofiltro.eco.br\/provisorio\/index.php\/ar-comprimido\/","og_locale":"pt_BR","og_type":"article","og_title":"Ar Comprimido","og_description":"Ar Comprimido Sistemas de reten\u00e7\u00e3o de \u00e1gua e umidade do ar e de linhas de ar comprimido. Tecnologia em Ar Comprimido A Ecofiltro apresenta o ECOFILTRO RUBBI AIR, a solu\u00e7\u00e3o definitiva para a purifica\u00e7\u00e3o do ar comprimido em seus sistemas pneum\u00e1ticos. Projetado com tecnologia de ponta, o RUBBI AIR garante desempenho superior e prolonga a [&hellip;]","og_url":"https:\/\/ecofiltro.eco.br\/provisorio\/index.php\/ar-comprimido\/","og_site_name":"Ecofiltro Harcap","article_publisher":"https:\/\/web.facebook.com\/ecofiltroharcap","article_modified_time":"2026-02-25T16:01:33+00:00","og_image":[{"width":1024,"height":1536,"url":"https:\/\/ecofiltro.eco.br\/provisorio\/wp-content\/uploads\/2026\/02\/rubbi_air_1.jpeg","type":"image\/jpeg"}],"twitter_card":"summary_large_image","twitter_misc":{"Est. tempo de leitura":"2 minutos"},"schema":{"@context":"https:\/\/schema.org","@graph":[{"@type":"WebPage","@id":"https:\/\/ecofiltro.eco.br\/provisorio\/index.php\/ar-comprimido\/","url":"https:\/\/ecofiltro.eco.br\/provisorio\/index.php\/ar-comprimido\/","name":"Ar Comprimido - Ecofiltro Harcap","isPartOf":{"@id":"https:\/\/ecofiltro.eco.br\/provisorio\/#website"},"primaryImageOfPage":{"@id":"https:\/\/ecofiltro.eco.br\/provisorio\/index.php\/ar-comprimido\/#primaryimage"},"image":{"@id":"https:\/\/ecofiltro.eco.br\/provisorio\/index.php\/ar-comprimido\/#primaryimage"},"thumbnailUrl":"https:\/\/ecofiltro.eco.br\/provisorio\/wp-content\/uploads\/2026\/02\/rubbi_air_1-683x1024.jpeg","datePublished":"2025-08-04T18:40:06+00:00","dateModified":"2026-02-25T16:01:33+00:00","breadcrumb":{"@id":"https:\/\/ecofiltro.eco.br\/provisorio\/index.php\/ar-comprimido\/#breadcrumb"},"inLanguage":"pt-BR","potentialAction":[{"@type":"ReadAction","target":["https:\/\/ecofiltro.eco.br\/provisorio\/index.php\/ar-comprimido\/"]}]},{"@type":"ImageObject","inLanguage":"pt-BR","@id":"https:\/\/ecofiltro.eco.br\/provisorio\/index.php\/ar-comprimido\/#primaryimage","url":"https:\/\/ecofiltro.eco.br\/provisorio\/wp-content\/uploads\/2026\/02\/rubbi_air_1.jpeg","contentUrl":"https:\/\/ecofiltro.eco.br\/provisorio\/wp-content\/uploads\/2026\/02\/rubbi_air_1.jpeg","width":1024,"height":1536},{"@type":"BreadcrumbList","@id":"https:\/\/ecofiltro.eco.br\/provisorio\/index.php\/ar-comprimido\/#breadcrumb","itemListElement":[{"@type":"ListItem","position":1,"name":"In\u00edcio","item":"https:\/\/ecofiltro.eco.br\/provisorio\/"},{"@type":"ListItem","position":2,"name":"Ar Comprimido"}]},{"@type":"WebSite","@id":"https:\/\/ecofiltro.eco.br\/provisorio\/#website","url":"https:\/\/ecofiltro.eco.br\/provisorio\/","name":"Ecofiltro Harcap","description":"","publisher":{"@id":"https:\/\/ecofiltro.eco.br\/provisorio\/#organization"},"potentialAction":[{"@type":"SearchAction","target":{"@type":"EntryPoint","urlTemplate":"https:\/\/ecofiltro.eco.br\/provisorio\/?s={search_term_string}"},"query-input":{"@type":"PropertyValueSpecification","valueRequired":true,"valueName":"search_term_string"}}],"inLanguage":"pt-BR"},{"@type":"Organization","@id":"https:\/\/ecofiltro.eco.br\/provisorio\/#organization","name":"Ecofiltro Harcap","url":"https:\/\/ecofiltro.eco.br\/provisorio\/","logo":{"@type":"ImageObject","inLanguage":"pt-BR","@id":"https:\/\/ecofiltro.eco.br\/provisorio\/#\/schema\/logo\/image\/","url":"https:\/\/ecofiltro.eco.br\/provisorio\/wp-content\/uploads\/2025\/05\/1-1.png","contentUrl":"https:\/\/ecofiltro.eco.br\/provisorio\/wp-content\/uploads\/2025\/05\/1-1.png","width":2000,"height":1414,"caption":"Ecofiltro Harcap"},"image":{"@id":"https:\/\/ecofiltro.eco.br\/provisorio\/#\/schema\/logo\/image\/"},"sameAs":["https:\/\/web.facebook.com\/ecofiltroharcap","https:\/\/www.instagram.com\/ecofiltroharcap\/"]}]}},"_links":{"self":[{"href":"https:\/\/ecofiltro.eco.br\/provisorio\/index.php\/wp-json\/wp\/v2\/pages\/471","targetHints":{"allow":["GET"]}}],"collection":[{"href":"https:\/\/ecofiltro.eco.br\/provisorio\/index.php\/wp-json\/wp\/v2\/pages"}],"about":[{"href":"https:\/\/ecofiltro.eco.br\/provisorio\/index.php\/wp-json\/wp\/v2\/types\/page"}],"author":[{"embeddable":true,"href":"https:\/\/ecofiltro.eco.br\/provisorio\/index.php\/wp-json\/wp\/v2\/users\/1"}],"replies":[{"embeddable":true,"href":"https:\/\/ecofiltro.eco.br\/provisorio\/index.php\/wp-json\/wp\/v2\/comments?post=471"}],"version-history":[{"count":19,"href":"https:\/\/ecofiltro.eco.br\/provisorio\/index.php\/wp-json\/wp\/v2\/pages\/471\/revisions"}],"predecessor-version":[{"id":692,"href":"https:\/\/ecofiltro.eco.br\/provisorio\/index.php\/wp-json\/wp\/v2\/pages\/471\/revisions\/692"}],"wp:attachment":[{"href":"https:\/\/ecofiltro.eco.br\/provisorio\/index.php\/wp-json\/wp\/v2\/media?parent=471"}],"curies":[{"name":"wp","href":"https:\/\/api.w.org\/{rel}","templated":true}]}}