{"id":465,"date":"2025-08-04T18:37:55","date_gmt":"2025-08-04T18:37:55","guid":{"rendered":"https:\/\/ecofiltro.eco.br\/provisorio\/?page_id=465"},"modified":"2026-02-20T22:30:26","modified_gmt":"2026-02-20T22:30:26","slug":"tratamento-de-agua","status":"publish","type":"page","link":"https:\/\/ecofiltro.eco.br\/provisorio\/index.php\/tratamento-de-agua\/","title":{"rendered":"Tratamento de \u00c1gua"},"content":{"rendered":"\t\t<div data-elementor-type=\"wp-page\" data-elementor-id=\"465\" class=\"elementor elementor-465\" data-elementor-post-type=\"page\">\n\t\t\t\t<div class=\"elementor-element elementor-element-793d3da5 e-flex e-con-boxed e-con e-parent\" data-id=\"793d3da5\" data-element_type=\"container\" data-settings=\"{&quot;background_background&quot;:&quot;classic&quot;}\">\n\t\t\t\t\t<div class=\"e-con-inner\">\n\t\t<div class=\"elementor-element elementor-element-614f6d22 e-con-full e-flex e-con e-child\" data-id=\"614f6d22\" data-element_type=\"container\">\n\t\t\t\t<div class=\"elementor-element elementor-element-658251a elementor-widget__width-initial elementor-invisible elementor-widget elementor-widget-heading\" data-id=\"658251a\" data-element_type=\"widget\" data-settings=\"{&quot;_animation&quot;:&quot;fadeInUp&quot;,&quot;_animation_delay&quot;:200}\" data-widget_type=\"heading.default\">\n\t\t\t\t<div class=\"elementor-widget-container\">\n\t\t\t\t\t<h1 class=\"elementor-heading-title elementor-size-default\">Tratamento de \u00c1gua<\/h1>\t\t\t\t<\/div>\n\t\t\t\t<\/div>\n\t\t\t\t<div class=\"elementor-element elementor-element-65844fd4 elementor-invisible elementor-widget elementor-widget-heading\" data-id=\"65844fd4\" data-element_type=\"widget\" data-settings=\"{&quot;_animation&quot;:&quot;fadeInUp&quot;,&quot;_animation_delay&quot;:300}\" data-widget_type=\"heading.default\">\n\t\t\t\t<div class=\"elementor-widget-container\">\n\t\t\t\t\t<div class=\"elementor-heading-title elementor-size-default\">Sistemas de filtragem de \u00e1gua de recircula\u00e7\u00e3o de equipamentos industriais, tratamento de \u00e1gua de capta\u00e7\u00e3o fluvial e de efluentes.<\/div>\t\t\t\t<\/div>\n\t\t\t\t<\/div>\n\t\t\t\t<\/div>\n\t\t\t\t\t<\/div>\n\t\t\t\t<\/div>\n\t\t<div class=\"elementor-element elementor-element-802f0a3 e-flex e-con-boxed e-con e-parent\" data-id=\"802f0a3\" data-element_type=\"container\">\n\t\t\t\t\t<div class=\"e-con-inner\">\n\t\t<div class=\"elementor-element elementor-element-7e251f7c e-con-full e-flex e-con e-child\" data-id=\"7e251f7c\" data-element_type=\"container\">\n\t\t\t\t<div class=\"elementor-element elementor-element-298f8604 elementor-widget elementor-widget-heading\" data-id=\"298f8604\" data-element_type=\"widget\" data-widget_type=\"heading.default\">\n\t\t\t\t<div class=\"elementor-widget-container\">\n\t\t\t\t\t<h3 class=\"elementor-heading-title elementor-size-default\">Tecnologia em Tratamento de \u00c1gua<\/h3>\t\t\t\t<\/div>\n\t\t\t\t<\/div>\n\t\t\t\t<div class=\"elementor-element elementor-element-6b9f4a14 elementor-widget elementor-widget-text-editor\" data-id=\"6b9f4a14\" data-element_type=\"widget\" data-widget_type=\"text-editor.default\">\n\t\t\t\t<div class=\"elementor-widget-container\">\n\t\t\t\t\t\t\t\t\t<p>Solu\u00e7\u00f5es de Tratamento de \u00c1gua de Alta Efici\u00eancia.<\/p><p><br \/>A gest\u00e3o da \u00e1gua na ind\u00fastria exige excel\u00eancia. Na Ecofiltro Harcap, vamos al\u00e9m da filtragem comum, oferecendo sistemas de tratamento de \u00e1gua com alta efici\u00eancia, projetados para atender \u00e0s suas necessidades espec\u00edficas.<\/p><p><br \/>Seja para a filtragem de \u00e1gua de recircula\u00e7\u00e3o em equipamentos industriais, o tratamento de \u00e1gua de capta\u00e7\u00e3o fluvial ou de efluentes, nossas solu\u00e7\u00f5es s\u00e3o desenvolvidas sob medida para o seu projeto. Com tecnologia de ponta, garantimos a pureza e a qualidade da \u00e1gua, reduzimos custos operacionais e contribu\u00edmos para a sustentabilidade do seu neg\u00f3cio.<\/p><p><br \/>Fale conosco e descubra como podemos criar um sistema de tratamento de \u00e1gua personalizado que otimiza seus processos e respeita o meio ambiente.&#8221;<\/p>\t\t\t\t\t\t\t\t<\/div>\n\t\t\t\t<\/div>\n\t\t\t\t<div class=\"elementor-element elementor-element-394f1ac elementor-widget elementor-widget-image\" data-id=\"394f1ac\" data-element_type=\"widget\" data-widget_type=\"image.default\">\n\t\t\t\t<div class=\"elementor-widget-container\">\n\t\t\t\t\t\t\t\t\t\t\t\t\t\t\t<img fetchpriority=\"high\" decoding=\"async\" width=\"800\" height=\"467\" src=\"https:\/\/ecofiltro.eco.br\/provisorio\/wp-content\/uploads\/2026\/02\/eco_decanter-1024x598.png\" class=\"attachment-large size-large wp-image-684\" alt=\"\" srcset=\"https:\/\/ecofiltro.eco.br\/provisorio\/wp-content\/uploads\/2026\/02\/eco_decanter-1024x598.png 1024w, https:\/\/ecofiltro.eco.br\/provisorio\/wp-content\/uploads\/2026\/02\/eco_decanter-300x175.png 300w, https:\/\/ecofiltro.eco.br\/provisorio\/wp-content\/uploads\/2026\/02\/eco_decanter-768x448.png 768w, https:\/\/ecofiltro.eco.br\/provisorio\/wp-content\/uploads\/2026\/02\/eco_decanter.png 1355w\" sizes=\"(max-width: 800px) 100vw, 800px\" \/>\t\t\t\t\t\t\t\t\t\t\t\t\t\t\t<\/div>\n\t\t\t\t<\/div>\n\t\t\t\t<\/div>\n\t\t<div class=\"elementor-element elementor-element-1d3b00e2 e-con-full e-flex e-con e-child\" data-id=\"1d3b00e2\" data-element_type=\"container\">\n\t\t<div class=\"elementor-element elementor-element-544efde5 e-con-full e-flex e-con e-child\" data-id=\"544efde5\" data-element_type=\"container\" data-settings=\"{&quot;background_background&quot;:&quot;classic&quot;}\">\n\t\t\t\t<div class=\"elementor-element elementor-element-1f55182c elementor-widget elementor-widget-heading\" data-id=\"1f55182c\" data-element_type=\"widget\" data-widget_type=\"heading.default\">\n\t\t\t\t<div class=\"elementor-widget-container\">\n\t\t\t\t\t<h4 class=\"elementor-heading-title elementor-size-default\">Interessou? Entre em contato.<\/h4>\t\t\t\t<\/div>\n\t\t\t\t<\/div>\n\t\t<div class=\"elementor-element elementor-element-55c75d7b e-con-full e-flex e-con e-child\" data-id=\"55c75d7b\" data-element_type=\"container\">\n\t\t\t\t<div class=\"elementor-element elementor-element-52c9bcff elementor-view-stacked elementor-position-left elementor-mobile-position-left elementor-vertical-align-middle elementor-vertical-align-middle elementor-shape-circle elementor-widget elementor-widget-icon-box\" data-id=\"52c9bcff\" data-element_type=\"widget\" data-widget_type=\"icon-box.default\">\n\t\t\t\t<div class=\"elementor-widget-container\">\n\t\t\t\t\t\t\t<div class=\"elementor-icon-box-wrapper\">\n\n\t\t\t\t\t\t<div class=\"elementor-icon-box-icon\">\n\t\t\t\t<span  class=\"elementor-icon\">\n\t\t\t\t<svg aria-hidden=\"true\" class=\"e-font-icon-svg e-fas-phone-alt\" viewBox=\"0 0 512 512\" xmlns=\"http:\/\/www.w3.org\/2000\/svg\"><path d=\"M497.39 361.8l-112-48a24 24 0 0 0-28 6.9l-49.6 60.6A370.66 370.66 0 0 1 130.6 204.11l60.6-49.6a23.94 23.94 0 0 0 6.9-28l-48-112A24.16 24.16 0 0 0 122.6.61l-104 24A24 24 0 0 0 0 48c0 256.5 207.9 464 464 464a24 24 0 0 0 23.4-18.6l24-104a24.29 24.29 0 0 0-14.01-27.6z\"><\/path><\/svg>\t\t\t\t<\/span>\n\t\t\t<\/div>\n\t\t\t\n\t\t\t\t\t\t<div class=\"elementor-icon-box-content\">\n\n\t\t\t\t\t\t\t\t\t<div class=\"elementor-icon-box-title\">\n\t\t\t\t\t\t<span  >\n\t\t\t\t\t\t\tTelefone\t\t\t\t\t\t<\/span>\n\t\t\t\t\t<\/div>\n\t\t\t\t\n\t\t\t\t\t\t\t\t\t<p class=\"elementor-icon-box-description\">\n\t\t\t\t\t\t(65) 4042-3080\t\t\t\t\t<\/p>\n\t\t\t\t\n\t\t\t<\/div>\n\t\t\t\n\t\t<\/div>\n\t\t\t\t\t\t<\/div>\n\t\t\t\t<\/div>\n\t\t\t\t<div class=\"elementor-element elementor-element-7155a31 elementor-view-stacked elementor-position-left elementor-mobile-position-left elementor-vertical-align-middle elementor-vertical-align-middle elementor-shape-circle elementor-widget elementor-widget-icon-box\" data-id=\"7155a31\" data-element_type=\"widget\" data-widget_type=\"icon-box.default\">\n\t\t\t\t<div class=\"elementor-widget-container\">\n\t\t\t\t\t\t\t<div class=\"elementor-icon-box-wrapper\">\n\n\t\t\t\t\t\t<div class=\"elementor-icon-box-icon\">\n\t\t\t\t<span  class=\"elementor-icon\">\n\t\t\t\t<i aria-hidden=\"true\" class=\" icon_mail\"><\/i>\t\t\t\t<\/span>\n\t\t\t<\/div>\n\t\t\t\n\t\t\t\t\t\t<div class=\"elementor-icon-box-content\">\n\n\t\t\t\t\t\t\t\t\t<div class=\"elementor-icon-box-title\">\n\t\t\t\t\t\t<span  >\n\t\t\t\t\t\t\tEmail\t\t\t\t\t\t<\/span>\n\t\t\t\t\t<\/div>\n\t\t\t\t\n\t\t\t\t\t\t\t\t\t<p class=\"elementor-icon-box-description\">\n\t\t\t\t\t\tcomercial@ecofiltro.eco.br\t\t\t\t\t<\/p>\n\t\t\t\t\n\t\t\t<\/div>\n\t\t\t\n\t\t<\/div>\n\t\t\t\t\t\t<\/div>\n\t\t\t\t<\/div>\n\t\t\t\t<\/div>\n\t\t\t\t<\/div>\n\t\t\t\t<\/div>\n\t\t\t\t\t<\/div>\n\t\t\t\t<\/div>\n\t\t<div class=\"elementor-element elementor-element-2c3d9ce e-flex e-con-boxed e-con e-parent\" data-id=\"2c3d9ce\" data-element_type=\"container\">\n\t\t\t\t\t<div class=\"e-con-inner\">\n\t\t<div class=\"elementor-element elementor-element-08ec16f e-con-full e-flex e-con e-child\" data-id=\"08ec16f\" data-element_type=\"container\">\n\t\t\t\t<div class=\"elementor-element elementor-element-52521fe elementor-widget elementor-widget-button\" data-id=\"52521fe\" data-element_type=\"widget\" data-widget_type=\"button.default\">\n\t\t\t\t<div class=\"elementor-widget-container\">\n\t\t\t\t\t\t\t\t\t<div class=\"elementor-button-wrapper\">\n\t\t\t\t\t<a class=\"elementor-button elementor-button-link elementor-size-sm\" href=\"https:\/\/ecofiltro.eco.br\/\">\n\t\t\t\t\t\t<span class=\"elementor-button-content-wrapper\">\n\t\t\t\t\t\t<span class=\"elementor-button-icon\">\n\t\t\t\t<svg aria-hidden=\"true\" class=\"e-font-icon-svg e-far-arrow-alt-circle-left\" viewBox=\"0 0 512 512\" xmlns=\"http:\/\/www.w3.org\/2000\/svg\"><path d=\"M8 256c0 137 111 248 248 248s248-111 248-248S393 8 256 8 8 119 8 256zm448 0c0 110.5-89.5 200-200 200S56 366.5 56 256 145.5 56 256 56s200 89.5 200 200zm-72-20v40c0 6.6-5.4 12-12 12H256v67c0 10.7-12.9 16-20.5 8.5l-99-99c-4.7-4.7-4.7-12.3 0-17l99-99c7.6-7.6 20.5-2.2 20.5 8.5v67h116c6.6 0 12 5.4 12 12z\"><\/path><\/svg>\t\t\t<\/span>\n\t\t\t\t\t\t\t\t\t<span class=\"elementor-button-text\">VOLTAR<\/span>\n\t\t\t\t\t<\/span>\n\t\t\t\t\t<\/a>\n\t\t\t\t<\/div>\n\t\t\t\t\t\t\t\t<\/div>\n\t\t\t\t<\/div>\n\t\t\t\t<div class=\"elementor-element elementor-element-0dbd5c8 elementor-widget elementor-widget-button\" data-id=\"0dbd5c8\" data-element_type=\"widget\" data-widget_type=\"button.default\">\n\t\t\t\t<div class=\"elementor-widget-container\">\n\t\t\t\t\t\t\t\t\t<div class=\"elementor-button-wrapper\">\n\t\t\t\t\t<a class=\"elementor-button elementor-button-link elementor-size-sm\" href=\"https:\/\/ecofiltro.eco.br\/provisorio\/wp-content\/uploads\/2025\/08\/apresentacao-ecodecanter.pdf\" target=\"_blank\" rel=\"nofollow\">\n\t\t\t\t\t\t<span class=\"elementor-button-content-wrapper\">\n\t\t\t\t\t\t\t\t\t<span class=\"elementor-button-text\">CONHE\u00c7A O ECODECANTER<\/span>\n\t\t\t\t\t<\/span>\n\t\t\t\t\t<\/a>\n\t\t\t\t<\/div>\n\t\t\t\t\t\t\t\t<\/div>\n\t\t\t\t<\/div>\n\t\t\t\t<div class=\"elementor-element elementor-element-043bdb8 elementor-widget elementor-widget-button\" data-id=\"043bdb8\" data-element_type=\"widget\" data-widget_type=\"button.default\">\n\t\t\t\t<div class=\"elementor-widget-container\">\n\t\t\t\t\t\t\t\t\t<div class=\"elementor-button-wrapper\">\n\t\t\t\t\t<a class=\"elementor-button elementor-button-link elementor-size-sm\" href=\"http:\/\/wa.me\/556540423080\">\n\t\t\t\t\t\t<span class=\"elementor-button-content-wrapper\">\n\t\t\t\t\t\t\t\t\t<span class=\"elementor-button-text\">FALE CONOSCO<\/span>\n\t\t\t\t\t<\/span>\n\t\t\t\t\t<\/a>\n\t\t\t\t<\/div>\n\t\t\t\t\t\t\t\t<\/div>\n\t\t\t\t<\/div>\n\t\t\t\t<\/div>\n\t\t\t\t\t<\/div>\n\t\t\t\t<\/div>\n\t\t\t\t<\/div>\n\t\t","protected":false},"excerpt":{"rendered":"<p>Tratamento de \u00c1gua Sistemas de filtragem de \u00e1gua de recircula\u00e7\u00e3o de equipamentos industriais, tratamento de \u00e1gua de capta\u00e7\u00e3o fluvial e de efluentes. Tecnologia em Tratamento de \u00c1gua Solu\u00e7\u00f5es de Tratamento de \u00c1gua de Alta Efici\u00eancia. A gest\u00e3o da \u00e1gua na ind\u00fastria exige excel\u00eancia. Na Ecofiltro Harcap, vamos al\u00e9m da filtragem comum, oferecendo sistemas de tratamento [&hellip;]<\/p>\n","protected":false},"author":1,"featured_media":0,"parent":0,"menu_order":0,"comment_status":"closed","ping_status":"closed","template":"elementor_header_footer","meta":{"footnotes":""},"class_list":["post-465","page","type-page","status-publish","hentry"],"yoast_head":"<!-- This site is optimized with the Yoast SEO Premium plugin v27.0 (Yoast SEO v27.0) - https:\/\/yoast.com\/product\/yoast-seo-premium-wordpress\/ -->\n<title>Tratamento de \u00c1gua - Ecofiltro Harcap<\/title>\n<meta name=\"robots\" content=\"index, follow, max-snippet:-1, max-image-preview:large, max-video-preview:-1\" \/>\n<link rel=\"canonical\" href=\"https:\/\/ecofiltro.eco.br\/provisorio\/index.php\/tratamento-de-agua\/\" \/>\n<meta property=\"og:locale\" content=\"pt_BR\" \/>\n<meta property=\"og:type\" content=\"article\" \/>\n<meta property=\"og:title\" content=\"Tratamento de \u00c1gua\" \/>\n<meta property=\"og:description\" content=\"Tratamento de \u00c1gua Sistemas de filtragem de \u00e1gua de recircula\u00e7\u00e3o de equipamentos industriais, tratamento de \u00e1gua de capta\u00e7\u00e3o fluvial e de efluentes. Tecnologia em Tratamento de \u00c1gua Solu\u00e7\u00f5es de Tratamento de \u00c1gua de Alta Efici\u00eancia. A gest\u00e3o da \u00e1gua na ind\u00fastria exige excel\u00eancia. Na Ecofiltro Harcap, vamos al\u00e9m da filtragem comum, oferecendo sistemas de tratamento [&hellip;]\" \/>\n<meta property=\"og:url\" content=\"https:\/\/ecofiltro.eco.br\/provisorio\/index.php\/tratamento-de-agua\/\" \/>\n<meta property=\"og:site_name\" content=\"Ecofiltro Harcap\" \/>\n<meta property=\"article:publisher\" content=\"https:\/\/web.facebook.com\/ecofiltroharcap\" \/>\n<meta property=\"article:modified_time\" content=\"2026-02-20T22:30:26+00:00\" \/>\n<meta property=\"og:image\" content=\"https:\/\/ecofiltro.eco.br\/provisorio\/wp-content\/uploads\/2026\/02\/eco_decanter.png\" \/>\n\t<meta property=\"og:image:width\" content=\"1355\" \/>\n\t<meta property=\"og:image:height\" content=\"791\" \/>\n\t<meta property=\"og:image:type\" content=\"image\/png\" \/>\n<meta name=\"twitter:card\" content=\"summary_large_image\" \/>\n<meta name=\"twitter:label1\" content=\"Est. tempo de leitura\" \/>\n\t<meta name=\"twitter:data1\" content=\"1 minuto\" \/>\n<script type=\"application\/ld+json\" class=\"yoast-schema-graph\">{\"@context\":\"https:\/\/schema.org\",\"@graph\":[{\"@type\":\"WebPage\",\"@id\":\"https:\/\/ecofiltro.eco.br\/provisorio\/index.php\/tratamento-de-agua\/\",\"url\":\"https:\/\/ecofiltro.eco.br\/provisorio\/index.php\/tratamento-de-agua\/\",\"name\":\"Tratamento de \u00c1gua - Ecofiltro Harcap\",\"isPartOf\":{\"@id\":\"https:\/\/ecofiltro.eco.br\/provisorio\/#website\"},\"primaryImageOfPage\":{\"@id\":\"https:\/\/ecofiltro.eco.br\/provisorio\/index.php\/tratamento-de-agua\/#primaryimage\"},\"image\":{\"@id\":\"https:\/\/ecofiltro.eco.br\/provisorio\/index.php\/tratamento-de-agua\/#primaryimage\"},\"thumbnailUrl\":\"https:\/\/ecofiltro.eco.br\/provisorio\/wp-content\/uploads\/2026\/02\/eco_decanter-1024x598.png\",\"datePublished\":\"2025-08-04T18:37:55+00:00\",\"dateModified\":\"2026-02-20T22:30:26+00:00\",\"breadcrumb\":{\"@id\":\"https:\/\/ecofiltro.eco.br\/provisorio\/index.php\/tratamento-de-agua\/#breadcrumb\"},\"inLanguage\":\"pt-BR\",\"potentialAction\":[{\"@type\":\"ReadAction\",\"target\":[\"https:\/\/ecofiltro.eco.br\/provisorio\/index.php\/tratamento-de-agua\/\"]}]},{\"@type\":\"ImageObject\",\"inLanguage\":\"pt-BR\",\"@id\":\"https:\/\/ecofiltro.eco.br\/provisorio\/index.php\/tratamento-de-agua\/#primaryimage\",\"url\":\"https:\/\/ecofiltro.eco.br\/provisorio\/wp-content\/uploads\/2026\/02\/eco_decanter.png\",\"contentUrl\":\"https:\/\/ecofiltro.eco.br\/provisorio\/wp-content\/uploads\/2026\/02\/eco_decanter.png\",\"width\":1355,\"height\":791},{\"@type\":\"BreadcrumbList\",\"@id\":\"https:\/\/ecofiltro.eco.br\/provisorio\/index.php\/tratamento-de-agua\/#breadcrumb\",\"itemListElement\":[{\"@type\":\"ListItem\",\"position\":1,\"name\":\"In\u00edcio\",\"item\":\"https:\/\/ecofiltro.eco.br\/provisorio\/\"},{\"@type\":\"ListItem\",\"position\":2,\"name\":\"Tratamento de \u00c1gua\"}]},{\"@type\":\"WebSite\",\"@id\":\"https:\/\/ecofiltro.eco.br\/provisorio\/#website\",\"url\":\"https:\/\/ecofiltro.eco.br\/provisorio\/\",\"name\":\"Ecofiltro Harcap\",\"description\":\"\",\"publisher\":{\"@id\":\"https:\/\/ecofiltro.eco.br\/provisorio\/#organization\"},\"potentialAction\":[{\"@type\":\"SearchAction\",\"target\":{\"@type\":\"EntryPoint\",\"urlTemplate\":\"https:\/\/ecofiltro.eco.br\/provisorio\/?s={search_term_string}\"},\"query-input\":{\"@type\":\"PropertyValueSpecification\",\"valueRequired\":true,\"valueName\":\"search_term_string\"}}],\"inLanguage\":\"pt-BR\"},{\"@type\":\"Organization\",\"@id\":\"https:\/\/ecofiltro.eco.br\/provisorio\/#organization\",\"name\":\"Ecofiltro Harcap\",\"url\":\"https:\/\/ecofiltro.eco.br\/provisorio\/\",\"logo\":{\"@type\":\"ImageObject\",\"inLanguage\":\"pt-BR\",\"@id\":\"https:\/\/ecofiltro.eco.br\/provisorio\/#\/schema\/logo\/image\/\",\"url\":\"https:\/\/ecofiltro.eco.br\/provisorio\/wp-content\/uploads\/2025\/05\/1-1.png\",\"contentUrl\":\"https:\/\/ecofiltro.eco.br\/provisorio\/wp-content\/uploads\/2025\/05\/1-1.png\",\"width\":2000,\"height\":1414,\"caption\":\"Ecofiltro Harcap\"},\"image\":{\"@id\":\"https:\/\/ecofiltro.eco.br\/provisorio\/#\/schema\/logo\/image\/\"},\"sameAs\":[\"https:\/\/web.facebook.com\/ecofiltroharcap\",\"https:\/\/www.instagram.com\/ecofiltroharcap\/\"]}]}<\/script>\n<!-- \/ Yoast SEO Premium plugin. -->","yoast_head_json":{"title":"Tratamento de \u00c1gua - Ecofiltro Harcap","robots":{"index":"index","follow":"follow","max-snippet":"max-snippet:-1","max-image-preview":"max-image-preview:large","max-video-preview":"max-video-preview:-1"},"canonical":"https:\/\/ecofiltro.eco.br\/provisorio\/index.php\/tratamento-de-agua\/","og_locale":"pt_BR","og_type":"article","og_title":"Tratamento de \u00c1gua","og_description":"Tratamento de \u00c1gua Sistemas de filtragem de \u00e1gua de recircula\u00e7\u00e3o de equipamentos industriais, tratamento de \u00e1gua de capta\u00e7\u00e3o fluvial e de efluentes. Tecnologia em Tratamento de \u00c1gua Solu\u00e7\u00f5es de Tratamento de \u00c1gua de Alta Efici\u00eancia. A gest\u00e3o da \u00e1gua na ind\u00fastria exige excel\u00eancia. Na Ecofiltro Harcap, vamos al\u00e9m da filtragem comum, oferecendo sistemas de tratamento [&hellip;]","og_url":"https:\/\/ecofiltro.eco.br\/provisorio\/index.php\/tratamento-de-agua\/","og_site_name":"Ecofiltro Harcap","article_publisher":"https:\/\/web.facebook.com\/ecofiltroharcap","article_modified_time":"2026-02-20T22:30:26+00:00","og_image":[{"width":1355,"height":791,"url":"https:\/\/ecofiltro.eco.br\/provisorio\/wp-content\/uploads\/2026\/02\/eco_decanter.png","type":"image\/png"}],"twitter_card":"summary_large_image","twitter_misc":{"Est. tempo de leitura":"1 minuto"},"schema":{"@context":"https:\/\/schema.org","@graph":[{"@type":"WebPage","@id":"https:\/\/ecofiltro.eco.br\/provisorio\/index.php\/tratamento-de-agua\/","url":"https:\/\/ecofiltro.eco.br\/provisorio\/index.php\/tratamento-de-agua\/","name":"Tratamento de \u00c1gua - Ecofiltro Harcap","isPartOf":{"@id":"https:\/\/ecofiltro.eco.br\/provisorio\/#website"},"primaryImageOfPage":{"@id":"https:\/\/ecofiltro.eco.br\/provisorio\/index.php\/tratamento-de-agua\/#primaryimage"},"image":{"@id":"https:\/\/ecofiltro.eco.br\/provisorio\/index.php\/tratamento-de-agua\/#primaryimage"},"thumbnailUrl":"https:\/\/ecofiltro.eco.br\/provisorio\/wp-content\/uploads\/2026\/02\/eco_decanter-1024x598.png","datePublished":"2025-08-04T18:37:55+00:00","dateModified":"2026-02-20T22:30:26+00:00","breadcrumb":{"@id":"https:\/\/ecofiltro.eco.br\/provisorio\/index.php\/tratamento-de-agua\/#breadcrumb"},"inLanguage":"pt-BR","potentialAction":[{"@type":"ReadAction","target":["https:\/\/ecofiltro.eco.br\/provisorio\/index.php\/tratamento-de-agua\/"]}]},{"@type":"ImageObject","inLanguage":"pt-BR","@id":"https:\/\/ecofiltro.eco.br\/provisorio\/index.php\/tratamento-de-agua\/#primaryimage","url":"https:\/\/ecofiltro.eco.br\/provisorio\/wp-content\/uploads\/2026\/02\/eco_decanter.png","contentUrl":"https:\/\/ecofiltro.eco.br\/provisorio\/wp-content\/uploads\/2026\/02\/eco_decanter.png","width":1355,"height":791},{"@type":"BreadcrumbList","@id":"https:\/\/ecofiltro.eco.br\/provisorio\/index.php\/tratamento-de-agua\/#breadcrumb","itemListElement":[{"@type":"ListItem","position":1,"name":"In\u00edcio","item":"https:\/\/ecofiltro.eco.br\/provisorio\/"},{"@type":"ListItem","position":2,"name":"Tratamento de \u00c1gua"}]},{"@type":"WebSite","@id":"https:\/\/ecofiltro.eco.br\/provisorio\/#website","url":"https:\/\/ecofiltro.eco.br\/provisorio\/","name":"Ecofiltro Harcap","description":"","publisher":{"@id":"https:\/\/ecofiltro.eco.br\/provisorio\/#organization"},"potentialAction":[{"@type":"SearchAction","target":{"@type":"EntryPoint","urlTemplate":"https:\/\/ecofiltro.eco.br\/provisorio\/?s={search_term_string}"},"query-input":{"@type":"PropertyValueSpecification","valueRequired":true,"valueName":"search_term_string"}}],"inLanguage":"pt-BR"},{"@type":"Organization","@id":"https:\/\/ecofiltro.eco.br\/provisorio\/#organization","name":"Ecofiltro Harcap","url":"https:\/\/ecofiltro.eco.br\/provisorio\/","logo":{"@type":"ImageObject","inLanguage":"pt-BR","@id":"https:\/\/ecofiltro.eco.br\/provisorio\/#\/schema\/logo\/image\/","url":"https:\/\/ecofiltro.eco.br\/provisorio\/wp-content\/uploads\/2025\/05\/1-1.png","contentUrl":"https:\/\/ecofiltro.eco.br\/provisorio\/wp-content\/uploads\/2025\/05\/1-1.png","width":2000,"height":1414,"caption":"Ecofiltro Harcap"},"image":{"@id":"https:\/\/ecofiltro.eco.br\/provisorio\/#\/schema\/logo\/image\/"},"sameAs":["https:\/\/web.facebook.com\/ecofiltroharcap","https:\/\/www.instagram.com\/ecofiltroharcap\/"]}]}},"_links":{"self":[{"href":"https:\/\/ecofiltro.eco.br\/provisorio\/index.php\/wp-json\/wp\/v2\/pages\/465","targetHints":{"allow":["GET"]}}],"collection":[{"href":"https:\/\/ecofiltro.eco.br\/provisorio\/index.php\/wp-json\/wp\/v2\/pages"}],"about":[{"href":"https:\/\/ecofiltro.eco.br\/provisorio\/index.php\/wp-json\/wp\/v2\/types\/page"}],"author":[{"embeddable":true,"href":"https:\/\/ecofiltro.eco.br\/provisorio\/index.php\/wp-json\/wp\/v2\/users\/1"}],"replies":[{"embeddable":true,"href":"https:\/\/ecofiltro.eco.br\/provisorio\/index.php\/wp-json\/wp\/v2\/comments?post=465"}],"version-history":[{"count":16,"href":"https:\/\/ecofiltro.eco.br\/provisorio\/index.php\/wp-json\/wp\/v2\/pages\/465\/revisions"}],"predecessor-version":[{"id":687,"href":"https:\/\/ecofiltro.eco.br\/provisorio\/index.php\/wp-json\/wp\/v2\/pages\/465\/revisions\/687"}],"wp:attachment":[{"href":"https:\/\/ecofiltro.eco.br\/provisorio\/index.php\/wp-json\/wp\/v2\/media?parent=465"}],"curies":[{"name":"wp","href":"https:\/\/api.w.org\/{rel}","templated":true}]}}