{"id":453,"date":"2025-08-04T18:32:30","date_gmt":"2025-08-04T18:32:30","guid":{"rendered":"https:\/\/ecofiltro.eco.br\/provisorio\/?page_id=453"},"modified":"2026-02-19T01:02:41","modified_gmt":"2026-02-19T01:02:41","slug":"arla32","status":"publish","type":"page","link":"https:\/\/ecofiltro.eco.br\/provisorio\/index.php\/arla32\/","title":{"rendered":"ARLA32"},"content":{"rendered":"\t\t<div data-elementor-type=\"wp-page\" data-elementor-id=\"453\" class=\"elementor elementor-453\" data-elementor-post-type=\"page\">\n\t\t\t\t<div class=\"elementor-element elementor-element-f636092 e-flex e-con-boxed e-con e-parent\" data-id=\"f636092\" data-element_type=\"container\" data-settings=\"{&quot;background_background&quot;:&quot;classic&quot;}\">\n\t\t\t\t\t<div class=\"e-con-inner\">\n\t\t<div class=\"elementor-element elementor-element-e25d548 e-con-full e-flex e-con e-child\" data-id=\"e25d548\" data-element_type=\"container\">\n\t\t\t\t<div class=\"elementor-element elementor-element-208b7f84 elementor-widget__width-initial elementor-invisible elementor-widget elementor-widget-heading\" data-id=\"208b7f84\" data-element_type=\"widget\" data-settings=\"{&quot;_animation&quot;:&quot;fadeInUp&quot;,&quot;_animation_delay&quot;:200}\" data-widget_type=\"heading.default\">\n\t\t\t\t<div class=\"elementor-widget-container\">\n\t\t\t\t\t<h1 class=\"elementor-heading-title elementor-size-default\">ARLA32<\/h1>\t\t\t\t<\/div>\n\t\t\t\t<\/div>\n\t\t\t\t<div class=\"elementor-element elementor-element-49919701 elementor-invisible elementor-widget elementor-widget-heading\" data-id=\"49919701\" data-element_type=\"widget\" data-settings=\"{&quot;_animation&quot;:&quot;fadeInUp&quot;,&quot;_animation_delay&quot;:300}\" data-widget_type=\"heading.default\">\n\t\t\t\t<div class=\"elementor-widget-container\">\n\t\t\t\t\t<div class=\"elementor-heading-title elementor-size-default\">Sistemas de filtragem para Agente Redutor L\u00edquido Automotivo (ARLA) em ve\u00edculos e em postos de abastecimento.<\/div>\t\t\t\t<\/div>\n\t\t\t\t<\/div>\n\t\t\t\t<\/div>\n\t\t\t\t\t<\/div>\n\t\t\t\t<\/div>\n\t\t<div class=\"elementor-element elementor-element-3a4234fb e-flex e-con-boxed e-con e-parent\" data-id=\"3a4234fb\" data-element_type=\"container\">\n\t\t\t\t\t<div class=\"e-con-inner\">\n\t\t<div class=\"elementor-element elementor-element-3b143b38 e-con-full e-flex e-con e-child\" data-id=\"3b143b38\" data-element_type=\"container\">\n\t\t<div class=\"elementor-element elementor-element-41d1a1d e-grid e-con-full e-con e-child\" data-id=\"41d1a1d\" data-element_type=\"container\">\n\t\t\t\t<div class=\"elementor-element elementor-element-fd31baa elementor-widget elementor-widget-text-editor\" data-id=\"fd31baa\" data-element_type=\"widget\" data-widget_type=\"text-editor.default\">\n\t\t\t\t<div class=\"elementor-widget-container\">\n\t\t\t\t\t\t\t\t\t<h2>Tecnologia em ARLA32<\/h2><p>A Ecofiltro oferece solu\u00e7\u00f5es de filtragem para o Agente Redutor L\u00edquido Automotivo (ARLA32), tanto para ve\u00edculos quanto para pontos de abastecimento.<\/p><p>O ARLA32 \u00e9 uma solu\u00e7\u00e3o aquosa de ureia de alta pureza, composta por 32,5% de ureia e 67,5% de \u00e1gua desmineralizada. Ele \u00e9 utilizado em ve\u00edculos diesel com a tecnologia SCR (Redu\u00e7\u00e3o Catal\u00edtica Seletiva) para converter \u00f3xidos de nitrog\u00eanio (NOx) em nitrog\u00eanio e vapor d&#8217;\u00e1gua, contribuindo para a redu\u00e7\u00e3o de emiss\u00f5es poluentes.<\/p><p>Nossos sistemas de filtragem para ARLA32 visam solucionar o problema da forma\u00e7\u00e3o de cristais de ureia e a possibilidade de entupimento dos bicos de inje\u00e7\u00e3o de ARLA32 no sistema de catalisador de ve\u00edculos diesel.<br \/>Para a aplica\u00e7\u00e3o automotiva, o filtro ARLA32 automotivo Ecofiltro \u00e9 projetado para prevenir que esses cristais atinjam o bico injetor de ARLA32 no ve\u00edculo. Isso contribui para a prote\u00e7\u00e3o e o desempenho do sistema de catalisador, essencial para a redu\u00e7\u00e3o de emiss\u00f5es.<\/p><p>Al\u00e9m disso, a Ecofiltro oferece filtros para as bombas de abastecimento de ARLA32, garantindo um abastecimento isento desses cristais para o tanque do ve\u00edculo. Essa filtragem no ponto de abastecimento \u00e9 crucial para manter a pureza do ARLA32 antes mesmo de chegar ao ve\u00edculo, protegendo todo o sistema de inje\u00e7\u00e3o e p\u00f3s-tratamento.<\/p>\t\t\t\t\t\t\t\t<\/div>\n\t\t\t\t<\/div>\n\t\t\t\t<div class=\"elementor-element elementor-element-38de2230 elementor-hidden-mobile elementor-widget elementor-widget-image\" data-id=\"38de2230\" data-element_type=\"widget\" data-widget_type=\"image.default\">\n\t\t\t\t<div class=\"elementor-widget-container\">\n\t\t\t\t\t\t\t\t\t\t\t\t\t\t\t<img fetchpriority=\"high\" decoding=\"async\" width=\"734\" height=\"1435\" src=\"https:\/\/ecofiltro.eco.br\/provisorio\/wp-content\/uploads\/2026\/02\/FILTRO-ARLA.jpeg\" class=\"attachment-full size-full wp-image-656\" alt=\"\" srcset=\"https:\/\/ecofiltro.eco.br\/provisorio\/wp-content\/uploads\/2026\/02\/FILTRO-ARLA.jpeg 734w, https:\/\/ecofiltro.eco.br\/provisorio\/wp-content\/uploads\/2026\/02\/FILTRO-ARLA-153x300.jpeg 153w, https:\/\/ecofiltro.eco.br\/provisorio\/wp-content\/uploads\/2026\/02\/FILTRO-ARLA-524x1024.jpeg 524w\" sizes=\"(max-width: 734px) 100vw, 734px\" \/>\t\t\t\t\t\t\t\t\t\t\t\t\t\t\t<\/div>\n\t\t\t\t<\/div>\n\t\t\t\t<\/div>\n\t\t\t\t<\/div>\n\t\t<div class=\"elementor-element elementor-element-1172ca37 e-con-full elementor-hidden-mobile e-flex e-con e-child\" data-id=\"1172ca37\" data-element_type=\"container\">\n\t\t<div class=\"elementor-element elementor-element-6e70c947 e-con-full e-flex e-con e-child\" data-id=\"6e70c947\" data-element_type=\"container\" data-settings=\"{&quot;background_background&quot;:&quot;classic&quot;}\">\n\t\t\t\t<div class=\"elementor-element elementor-element-380264d2 elementor-widget elementor-widget-heading\" data-id=\"380264d2\" data-element_type=\"widget\" data-widget_type=\"heading.default\">\n\t\t\t\t<div class=\"elementor-widget-container\">\n\t\t\t\t\t<h4 class=\"elementor-heading-title elementor-size-default\">Interessou? Entre em contato.<\/h4>\t\t\t\t<\/div>\n\t\t\t\t<\/div>\n\t\t<div class=\"elementor-element elementor-element-538d9d53 e-con-full e-flex e-con e-child\" data-id=\"538d9d53\" data-element_type=\"container\">\n\t\t\t\t<div class=\"elementor-element elementor-element-431ec986 elementor-view-stacked elementor-position-left elementor-mobile-position-left elementor-vertical-align-middle elementor-vertical-align-middle elementor-shape-circle elementor-widget elementor-widget-icon-box\" data-id=\"431ec986\" data-element_type=\"widget\" data-widget_type=\"icon-box.default\">\n\t\t\t\t<div class=\"elementor-widget-container\">\n\t\t\t\t\t\t\t<div class=\"elementor-icon-box-wrapper\">\n\n\t\t\t\t\t\t<div class=\"elementor-icon-box-icon\">\n\t\t\t\t<span  class=\"elementor-icon\">\n\t\t\t\t<svg aria-hidden=\"true\" class=\"e-font-icon-svg e-fas-phone-alt\" viewBox=\"0 0 512 512\" xmlns=\"http:\/\/www.w3.org\/2000\/svg\"><path d=\"M497.39 361.8l-112-48a24 24 0 0 0-28 6.9l-49.6 60.6A370.66 370.66 0 0 1 130.6 204.11l60.6-49.6a23.94 23.94 0 0 0 6.9-28l-48-112A24.16 24.16 0 0 0 122.6.61l-104 24A24 24 0 0 0 0 48c0 256.5 207.9 464 464 464a24 24 0 0 0 23.4-18.6l24-104a24.29 24.29 0 0 0-14.01-27.6z\"><\/path><\/svg>\t\t\t\t<\/span>\n\t\t\t<\/div>\n\t\t\t\n\t\t\t\t\t\t<div class=\"elementor-icon-box-content\">\n\n\t\t\t\t\t\t\t\t\t<div class=\"elementor-icon-box-title\">\n\t\t\t\t\t\t<span  >\n\t\t\t\t\t\t\tTelefone\t\t\t\t\t\t<\/span>\n\t\t\t\t\t<\/div>\n\t\t\t\t\n\t\t\t\t\t\t\t\t\t<p class=\"elementor-icon-box-description\">\n\t\t\t\t\t\t(65) 4042-3080\t\t\t\t\t<\/p>\n\t\t\t\t\n\t\t\t<\/div>\n\t\t\t\n\t\t<\/div>\n\t\t\t\t\t\t<\/div>\n\t\t\t\t<\/div>\n\t\t\t\t<div class=\"elementor-element elementor-element-726c5a15 elementor-view-stacked elementor-position-left elementor-mobile-position-left elementor-vertical-align-middle elementor-vertical-align-middle elementor-shape-circle elementor-widget elementor-widget-icon-box\" data-id=\"726c5a15\" data-element_type=\"widget\" data-widget_type=\"icon-box.default\">\n\t\t\t\t<div class=\"elementor-widget-container\">\n\t\t\t\t\t\t\t<div class=\"elementor-icon-box-wrapper\">\n\n\t\t\t\t\t\t<div class=\"elementor-icon-box-icon\">\n\t\t\t\t<span  class=\"elementor-icon\">\n\t\t\t\t<i aria-hidden=\"true\" class=\" icon_mail\"><\/i>\t\t\t\t<\/span>\n\t\t\t<\/div>\n\t\t\t\n\t\t\t\t\t\t<div class=\"elementor-icon-box-content\">\n\n\t\t\t\t\t\t\t\t\t<div class=\"elementor-icon-box-title\">\n\t\t\t\t\t\t<span  >\n\t\t\t\t\t\t\tEmail\t\t\t\t\t\t<\/span>\n\t\t\t\t\t<\/div>\n\t\t\t\t\n\t\t\t\t\t\t\t\t\t<p class=\"elementor-icon-box-description\">\n\t\t\t\t\t\tcomercial@ecofiltro.eco.br\t\t\t\t\t<\/p>\n\t\t\t\t\n\t\t\t<\/div>\n\t\t\t\n\t\t<\/div>\n\t\t\t\t\t\t<\/div>\n\t\t\t\t<\/div>\n\t\t\t\t<\/div>\n\t\t\t\t<\/div>\n\t\t\t\t<\/div>\n\t\t\t\t\t<\/div>\n\t\t\t\t<\/div>\n\t\t<div class=\"elementor-element elementor-element-1a5eb6e elementor-hidden-desktop elementor-hidden-tablet e-flex e-con-boxed e-con e-parent\" data-id=\"1a5eb6e\" data-element_type=\"container\">\n\t\t\t\t\t<div class=\"e-con-inner\">\n\t\t\t\t<div class=\"elementor-element elementor-element-09e7122 elementor-widget elementor-widget-image\" data-id=\"09e7122\" data-element_type=\"widget\" data-widget_type=\"image.default\">\n\t\t\t\t<div class=\"elementor-widget-container\">\n\t\t\t\t\t\t\t\t\t\t\t\t\t\t\t<img decoding=\"async\" width=\"524\" height=\"1024\" src=\"https:\/\/ecofiltro.eco.br\/provisorio\/wp-content\/uploads\/2026\/02\/FILTRO-ARLA-524x1024.jpeg\" class=\"attachment-large size-large wp-image-656\" alt=\"\" srcset=\"https:\/\/ecofiltro.eco.br\/provisorio\/wp-content\/uploads\/2026\/02\/FILTRO-ARLA-524x1024.jpeg 524w, https:\/\/ecofiltro.eco.br\/provisorio\/wp-content\/uploads\/2026\/02\/FILTRO-ARLA-153x300.jpeg 153w, https:\/\/ecofiltro.eco.br\/provisorio\/wp-content\/uploads\/2026\/02\/FILTRO-ARLA.jpeg 734w\" sizes=\"(max-width: 524px) 100vw, 524px\" \/>\t\t\t\t\t\t\t\t\t\t\t\t\t\t\t<\/div>\n\t\t\t\t<\/div>\n\t\t\t\t\t<\/div>\n\t\t\t\t<\/div>\n\t\t<div class=\"elementor-element elementor-element-f6c789e e-con-full elementor-hidden-desktop elementor-hidden-tablet e-flex e-con e-child\" data-id=\"f6c789e\" data-element_type=\"container\">\n\t\t<div class=\"elementor-element elementor-element-1f92b07 e-con-full e-flex e-con e-child\" data-id=\"1f92b07\" data-element_type=\"container\" data-settings=\"{&quot;background_background&quot;:&quot;classic&quot;}\">\n\t\t\t\t<div class=\"elementor-element elementor-element-1395ffa elementor-widget elementor-widget-heading\" data-id=\"1395ffa\" data-element_type=\"widget\" data-widget_type=\"heading.default\">\n\t\t\t\t<div class=\"elementor-widget-container\">\n\t\t\t\t\t<h4 class=\"elementor-heading-title elementor-size-default\">Interessou? Entre em contato.<\/h4>\t\t\t\t<\/div>\n\t\t\t\t<\/div>\n\t\t<div class=\"elementor-element elementor-element-dea38bd e-con-full e-flex e-con e-child\" data-id=\"dea38bd\" data-element_type=\"container\">\n\t\t\t\t<div class=\"elementor-element elementor-element-df7833d elementor-view-stacked elementor-position-left elementor-mobile-position-left elementor-vertical-align-middle elementor-vertical-align-middle elementor-shape-circle elementor-widget elementor-widget-icon-box\" data-id=\"df7833d\" data-element_type=\"widget\" data-widget_type=\"icon-box.default\">\n\t\t\t\t<div class=\"elementor-widget-container\">\n\t\t\t\t\t\t\t<div class=\"elementor-icon-box-wrapper\">\n\n\t\t\t\t\t\t<div class=\"elementor-icon-box-icon\">\n\t\t\t\t<span  class=\"elementor-icon\">\n\t\t\t\t<svg aria-hidden=\"true\" class=\"e-font-icon-svg e-fas-phone-alt\" viewBox=\"0 0 512 512\" xmlns=\"http:\/\/www.w3.org\/2000\/svg\"><path d=\"M497.39 361.8l-112-48a24 24 0 0 0-28 6.9l-49.6 60.6A370.66 370.66 0 0 1 130.6 204.11l60.6-49.6a23.94 23.94 0 0 0 6.9-28l-48-112A24.16 24.16 0 0 0 122.6.61l-104 24A24 24 0 0 0 0 48c0 256.5 207.9 464 464 464a24 24 0 0 0 23.4-18.6l24-104a24.29 24.29 0 0 0-14.01-27.6z\"><\/path><\/svg>\t\t\t\t<\/span>\n\t\t\t<\/div>\n\t\t\t\n\t\t\t\t\t\t<div class=\"elementor-icon-box-content\">\n\n\t\t\t\t\t\t\t\t\t<div class=\"elementor-icon-box-title\">\n\t\t\t\t\t\t<span  >\n\t\t\t\t\t\t\tTelefone\t\t\t\t\t\t<\/span>\n\t\t\t\t\t<\/div>\n\t\t\t\t\n\t\t\t\t\t\t\t\t\t<p class=\"elementor-icon-box-description\">\n\t\t\t\t\t\t(65) 4042-3080\t\t\t\t\t<\/p>\n\t\t\t\t\n\t\t\t<\/div>\n\t\t\t\n\t\t<\/div>\n\t\t\t\t\t\t<\/div>\n\t\t\t\t<\/div>\n\t\t\t\t<div class=\"elementor-element elementor-element-fbcda00 elementor-view-stacked elementor-position-left elementor-mobile-position-left elementor-vertical-align-middle elementor-vertical-align-middle elementor-shape-circle elementor-widget elementor-widget-icon-box\" data-id=\"fbcda00\" data-element_type=\"widget\" data-widget_type=\"icon-box.default\">\n\t\t\t\t<div class=\"elementor-widget-container\">\n\t\t\t\t\t\t\t<div class=\"elementor-icon-box-wrapper\">\n\n\t\t\t\t\t\t<div class=\"elementor-icon-box-icon\">\n\t\t\t\t<span  class=\"elementor-icon\">\n\t\t\t\t<i aria-hidden=\"true\" class=\" icon_mail\"><\/i>\t\t\t\t<\/span>\n\t\t\t<\/div>\n\t\t\t\n\t\t\t\t\t\t<div class=\"elementor-icon-box-content\">\n\n\t\t\t\t\t\t\t\t\t<div class=\"elementor-icon-box-title\">\n\t\t\t\t\t\t<span  >\n\t\t\t\t\t\t\tEmail\t\t\t\t\t\t<\/span>\n\t\t\t\t\t<\/div>\n\t\t\t\t\n\t\t\t\t\t\t\t\t\t<p class=\"elementor-icon-box-description\">\n\t\t\t\t\t\tcomercial@ecofiltro.eco.br\t\t\t\t\t<\/p>\n\t\t\t\t\n\t\t\t<\/div>\n\t\t\t\n\t\t<\/div>\n\t\t\t\t\t\t<\/div>\n\t\t\t\t<\/div>\n\t\t\t\t<\/div>\n\t\t\t\t<\/div>\n\t\t\t\t<\/div>\n\t\t<div class=\"elementor-element elementor-element-313829c e-flex e-con-boxed e-con e-parent\" data-id=\"313829c\" data-element_type=\"container\">\n\t\t\t\t\t<div class=\"e-con-inner\">\n\t\t<div class=\"elementor-element elementor-element-3c2941f e-con-full e-flex e-con e-child\" data-id=\"3c2941f\" data-element_type=\"container\">\n\t\t\t\t<div class=\"elementor-element elementor-element-5d05f8d elementor-widget elementor-widget-button\" data-id=\"5d05f8d\" data-element_type=\"widget\" data-widget_type=\"button.default\">\n\t\t\t\t<div class=\"elementor-widget-container\">\n\t\t\t\t\t\t\t\t\t<div class=\"elementor-button-wrapper\">\n\t\t\t\t\t<a class=\"elementor-button elementor-button-link elementor-size-sm\" href=\"https:\/\/ecofiltro.eco.br\/\">\n\t\t\t\t\t\t<span class=\"elementor-button-content-wrapper\">\n\t\t\t\t\t\t<span class=\"elementor-button-icon\">\n\t\t\t\t<svg aria-hidden=\"true\" class=\"e-font-icon-svg e-far-arrow-alt-circle-left\" viewBox=\"0 0 512 512\" xmlns=\"http:\/\/www.w3.org\/2000\/svg\"><path d=\"M8 256c0 137 111 248 248 248s248-111 248-248S393 8 256 8 8 119 8 256zm448 0c0 110.5-89.5 200-200 200S56 366.5 56 256 145.5 56 256 56s200 89.5 200 200zm-72-20v40c0 6.6-5.4 12-12 12H256v67c0 10.7-12.9 16-20.5 8.5l-99-99c-4.7-4.7-4.7-12.3 0-17l99-99c7.6-7.6 20.5-2.2 20.5 8.5v67h116c6.6 0 12 5.4 12 12z\"><\/path><\/svg>\t\t\t<\/span>\n\t\t\t\t\t\t\t\t\t<span class=\"elementor-button-text\">VOLTAR<\/span>\n\t\t\t\t\t<\/span>\n\t\t\t\t\t<\/a>\n\t\t\t\t<\/div>\n\t\t\t\t\t\t\t\t<\/div>\n\t\t\t\t<\/div>\n\t\t\t\t<div class=\"elementor-element elementor-element-06c5342 elementor-widget elementor-widget-button\" data-id=\"06c5342\" data-element_type=\"widget\" data-widget_type=\"button.default\">\n\t\t\t\t<div class=\"elementor-widget-container\">\n\t\t\t\t\t\t\t\t\t<div class=\"elementor-button-wrapper\">\n\t\t\t\t\t<a class=\"elementor-button elementor-button-link elementor-size-sm\" href=\"http:\/\/wa.me\/556540423080\">\n\t\t\t\t\t\t<span class=\"elementor-button-content-wrapper\">\n\t\t\t\t\t\t\t\t\t<span class=\"elementor-button-text\">FALE CONOSCO<\/span>\n\t\t\t\t\t<\/span>\n\t\t\t\t\t<\/a>\n\t\t\t\t<\/div>\n\t\t\t\t\t\t\t\t<\/div>\n\t\t\t\t<\/div>\n\t\t\t\t<\/div>\n\t\t\t\t\t<\/div>\n\t\t\t\t<\/div>\n\t\t\t\t<\/div>\n\t\t","protected":false},"excerpt":{"rendered":"<p>ARLA32 Sistemas de filtragem para Agente Redutor L\u00edquido Automotivo (ARLA) em ve\u00edculos e em postos de abastecimento. Tecnologia em ARLA32 A Ecofiltro oferece solu\u00e7\u00f5es de filtragem para o Agente Redutor L\u00edquido Automotivo (ARLA32), tanto para ve\u00edculos quanto para pontos de abastecimento. O ARLA32 \u00e9 uma solu\u00e7\u00e3o aquosa de ureia de alta pureza, composta por 32,5% [&hellip;]<\/p>\n","protected":false},"author":1,"featured_media":0,"parent":0,"menu_order":0,"comment_status":"closed","ping_status":"closed","template":"elementor_header_footer","meta":{"footnotes":""},"class_list":["post-453","page","type-page","status-publish","hentry"],"yoast_head":"<!-- This site is optimized with the Yoast SEO Premium plugin v27.0 (Yoast SEO v27.0) - https:\/\/yoast.com\/product\/yoast-seo-premium-wordpress\/ -->\n<title>ARLA32 - Ecofiltro Harcap<\/title>\n<meta name=\"robots\" content=\"index, follow, max-snippet:-1, max-image-preview:large, max-video-preview:-1\" \/>\n<link rel=\"canonical\" href=\"https:\/\/ecofiltro.eco.br\/provisorio\/index.php\/arla32\/\" \/>\n<meta property=\"og:locale\" content=\"pt_BR\" \/>\n<meta property=\"og:type\" content=\"article\" \/>\n<meta property=\"og:title\" content=\"ARLA32\" \/>\n<meta property=\"og:description\" content=\"ARLA32 Sistemas de filtragem para Agente Redutor L\u00edquido Automotivo (ARLA) em ve\u00edculos e em postos de abastecimento. Tecnologia em ARLA32 A Ecofiltro oferece solu\u00e7\u00f5es de filtragem para o Agente Redutor L\u00edquido Automotivo (ARLA32), tanto para ve\u00edculos quanto para pontos de abastecimento. O ARLA32 \u00e9 uma solu\u00e7\u00e3o aquosa de ureia de alta pureza, composta por 32,5% [&hellip;]\" \/>\n<meta property=\"og:url\" content=\"https:\/\/ecofiltro.eco.br\/provisorio\/index.php\/arla32\/\" \/>\n<meta property=\"og:site_name\" content=\"Ecofiltro Harcap\" \/>\n<meta property=\"article:publisher\" content=\"https:\/\/web.facebook.com\/ecofiltroharcap\" \/>\n<meta property=\"article:modified_time\" content=\"2026-02-19T01:02:41+00:00\" \/>\n<meta property=\"og:image\" content=\"https:\/\/ecofiltro.eco.br\/provisorio\/wp-content\/uploads\/2026\/02\/FILTRO-ARLA.jpeg\" \/>\n\t<meta property=\"og:image:width\" content=\"734\" \/>\n\t<meta property=\"og:image:height\" content=\"1435\" \/>\n\t<meta property=\"og:image:type\" content=\"image\/jpeg\" \/>\n<meta name=\"twitter:card\" content=\"summary_large_image\" \/>\n<meta name=\"twitter:label1\" content=\"Est. tempo de leitura\" \/>\n\t<meta name=\"twitter:data1\" content=\"1 minuto\" \/>\n<script type=\"application\/ld+json\" class=\"yoast-schema-graph\">{\"@context\":\"https:\/\/schema.org\",\"@graph\":[{\"@type\":\"WebPage\",\"@id\":\"https:\/\/ecofiltro.eco.br\/provisorio\/index.php\/arla32\/\",\"url\":\"https:\/\/ecofiltro.eco.br\/provisorio\/index.php\/arla32\/\",\"name\":\"ARLA32 - Ecofiltro Harcap\",\"isPartOf\":{\"@id\":\"https:\/\/ecofiltro.eco.br\/provisorio\/#website\"},\"primaryImageOfPage\":{\"@id\":\"https:\/\/ecofiltro.eco.br\/provisorio\/index.php\/arla32\/#primaryimage\"},\"image\":{\"@id\":\"https:\/\/ecofiltro.eco.br\/provisorio\/index.php\/arla32\/#primaryimage\"},\"thumbnailUrl\":\"https:\/\/ecofiltro.eco.br\/provisorio\/wp-content\/uploads\/2026\/02\/FILTRO-ARLA.jpeg\",\"datePublished\":\"2025-08-04T18:32:30+00:00\",\"dateModified\":\"2026-02-19T01:02:41+00:00\",\"breadcrumb\":{\"@id\":\"https:\/\/ecofiltro.eco.br\/provisorio\/index.php\/arla32\/#breadcrumb\"},\"inLanguage\":\"pt-BR\",\"potentialAction\":[{\"@type\":\"ReadAction\",\"target\":[\"https:\/\/ecofiltro.eco.br\/provisorio\/index.php\/arla32\/\"]}]},{\"@type\":\"ImageObject\",\"inLanguage\":\"pt-BR\",\"@id\":\"https:\/\/ecofiltro.eco.br\/provisorio\/index.php\/arla32\/#primaryimage\",\"url\":\"https:\/\/ecofiltro.eco.br\/provisorio\/wp-content\/uploads\/2026\/02\/FILTRO-ARLA.jpeg\",\"contentUrl\":\"https:\/\/ecofiltro.eco.br\/provisorio\/wp-content\/uploads\/2026\/02\/FILTRO-ARLA.jpeg\",\"width\":734,\"height\":1435},{\"@type\":\"BreadcrumbList\",\"@id\":\"https:\/\/ecofiltro.eco.br\/provisorio\/index.php\/arla32\/#breadcrumb\",\"itemListElement\":[{\"@type\":\"ListItem\",\"position\":1,\"name\":\"In\u00edcio\",\"item\":\"https:\/\/ecofiltro.eco.br\/provisorio\/\"},{\"@type\":\"ListItem\",\"position\":2,\"name\":\"ARLA32\"}]},{\"@type\":\"WebSite\",\"@id\":\"https:\/\/ecofiltro.eco.br\/provisorio\/#website\",\"url\":\"https:\/\/ecofiltro.eco.br\/provisorio\/\",\"name\":\"Ecofiltro Harcap\",\"description\":\"\",\"publisher\":{\"@id\":\"https:\/\/ecofiltro.eco.br\/provisorio\/#organization\"},\"potentialAction\":[{\"@type\":\"SearchAction\",\"target\":{\"@type\":\"EntryPoint\",\"urlTemplate\":\"https:\/\/ecofiltro.eco.br\/provisorio\/?s={search_term_string}\"},\"query-input\":{\"@type\":\"PropertyValueSpecification\",\"valueRequired\":true,\"valueName\":\"search_term_string\"}}],\"inLanguage\":\"pt-BR\"},{\"@type\":\"Organization\",\"@id\":\"https:\/\/ecofiltro.eco.br\/provisorio\/#organization\",\"name\":\"Ecofiltro Harcap\",\"url\":\"https:\/\/ecofiltro.eco.br\/provisorio\/\",\"logo\":{\"@type\":\"ImageObject\",\"inLanguage\":\"pt-BR\",\"@id\":\"https:\/\/ecofiltro.eco.br\/provisorio\/#\/schema\/logo\/image\/\",\"url\":\"https:\/\/ecofiltro.eco.br\/provisorio\/wp-content\/uploads\/2025\/05\/1-1.png\",\"contentUrl\":\"https:\/\/ecofiltro.eco.br\/provisorio\/wp-content\/uploads\/2025\/05\/1-1.png\",\"width\":2000,\"height\":1414,\"caption\":\"Ecofiltro Harcap\"},\"image\":{\"@id\":\"https:\/\/ecofiltro.eco.br\/provisorio\/#\/schema\/logo\/image\/\"},\"sameAs\":[\"https:\/\/web.facebook.com\/ecofiltroharcap\",\"https:\/\/www.instagram.com\/ecofiltroharcap\/\"]}]}<\/script>\n<!-- \/ Yoast SEO Premium plugin. -->","yoast_head_json":{"title":"ARLA32 - Ecofiltro Harcap","robots":{"index":"index","follow":"follow","max-snippet":"max-snippet:-1","max-image-preview":"max-image-preview:large","max-video-preview":"max-video-preview:-1"},"canonical":"https:\/\/ecofiltro.eco.br\/provisorio\/index.php\/arla32\/","og_locale":"pt_BR","og_type":"article","og_title":"ARLA32","og_description":"ARLA32 Sistemas de filtragem para Agente Redutor L\u00edquido Automotivo (ARLA) em ve\u00edculos e em postos de abastecimento. Tecnologia em ARLA32 A Ecofiltro oferece solu\u00e7\u00f5es de filtragem para o Agente Redutor L\u00edquido Automotivo (ARLA32), tanto para ve\u00edculos quanto para pontos de abastecimento. O ARLA32 \u00e9 uma solu\u00e7\u00e3o aquosa de ureia de alta pureza, composta por 32,5% [&hellip;]","og_url":"https:\/\/ecofiltro.eco.br\/provisorio\/index.php\/arla32\/","og_site_name":"Ecofiltro Harcap","article_publisher":"https:\/\/web.facebook.com\/ecofiltroharcap","article_modified_time":"2026-02-19T01:02:41+00:00","og_image":[{"width":734,"height":1435,"url":"https:\/\/ecofiltro.eco.br\/provisorio\/wp-content\/uploads\/2026\/02\/FILTRO-ARLA.jpeg","type":"image\/jpeg"}],"twitter_card":"summary_large_image","twitter_misc":{"Est. tempo de leitura":"1 minuto"},"schema":{"@context":"https:\/\/schema.org","@graph":[{"@type":"WebPage","@id":"https:\/\/ecofiltro.eco.br\/provisorio\/index.php\/arla32\/","url":"https:\/\/ecofiltro.eco.br\/provisorio\/index.php\/arla32\/","name":"ARLA32 - Ecofiltro Harcap","isPartOf":{"@id":"https:\/\/ecofiltro.eco.br\/provisorio\/#website"},"primaryImageOfPage":{"@id":"https:\/\/ecofiltro.eco.br\/provisorio\/index.php\/arla32\/#primaryimage"},"image":{"@id":"https:\/\/ecofiltro.eco.br\/provisorio\/index.php\/arla32\/#primaryimage"},"thumbnailUrl":"https:\/\/ecofiltro.eco.br\/provisorio\/wp-content\/uploads\/2026\/02\/FILTRO-ARLA.jpeg","datePublished":"2025-08-04T18:32:30+00:00","dateModified":"2026-02-19T01:02:41+00:00","breadcrumb":{"@id":"https:\/\/ecofiltro.eco.br\/provisorio\/index.php\/arla32\/#breadcrumb"},"inLanguage":"pt-BR","potentialAction":[{"@type":"ReadAction","target":["https:\/\/ecofiltro.eco.br\/provisorio\/index.php\/arla32\/"]}]},{"@type":"ImageObject","inLanguage":"pt-BR","@id":"https:\/\/ecofiltro.eco.br\/provisorio\/index.php\/arla32\/#primaryimage","url":"https:\/\/ecofiltro.eco.br\/provisorio\/wp-content\/uploads\/2026\/02\/FILTRO-ARLA.jpeg","contentUrl":"https:\/\/ecofiltro.eco.br\/provisorio\/wp-content\/uploads\/2026\/02\/FILTRO-ARLA.jpeg","width":734,"height":1435},{"@type":"BreadcrumbList","@id":"https:\/\/ecofiltro.eco.br\/provisorio\/index.php\/arla32\/#breadcrumb","itemListElement":[{"@type":"ListItem","position":1,"name":"In\u00edcio","item":"https:\/\/ecofiltro.eco.br\/provisorio\/"},{"@type":"ListItem","position":2,"name":"ARLA32"}]},{"@type":"WebSite","@id":"https:\/\/ecofiltro.eco.br\/provisorio\/#website","url":"https:\/\/ecofiltro.eco.br\/provisorio\/","name":"Ecofiltro Harcap","description":"","publisher":{"@id":"https:\/\/ecofiltro.eco.br\/provisorio\/#organization"},"potentialAction":[{"@type":"SearchAction","target":{"@type":"EntryPoint","urlTemplate":"https:\/\/ecofiltro.eco.br\/provisorio\/?s={search_term_string}"},"query-input":{"@type":"PropertyValueSpecification","valueRequired":true,"valueName":"search_term_string"}}],"inLanguage":"pt-BR"},{"@type":"Organization","@id":"https:\/\/ecofiltro.eco.br\/provisorio\/#organization","name":"Ecofiltro Harcap","url":"https:\/\/ecofiltro.eco.br\/provisorio\/","logo":{"@type":"ImageObject","inLanguage":"pt-BR","@id":"https:\/\/ecofiltro.eco.br\/provisorio\/#\/schema\/logo\/image\/","url":"https:\/\/ecofiltro.eco.br\/provisorio\/wp-content\/uploads\/2025\/05\/1-1.png","contentUrl":"https:\/\/ecofiltro.eco.br\/provisorio\/wp-content\/uploads\/2025\/05\/1-1.png","width":2000,"height":1414,"caption":"Ecofiltro Harcap"},"image":{"@id":"https:\/\/ecofiltro.eco.br\/provisorio\/#\/schema\/logo\/image\/"},"sameAs":["https:\/\/web.facebook.com\/ecofiltroharcap","https:\/\/www.instagram.com\/ecofiltroharcap\/"]}]}},"_links":{"self":[{"href":"https:\/\/ecofiltro.eco.br\/provisorio\/index.php\/wp-json\/wp\/v2\/pages\/453","targetHints":{"allow":["GET"]}}],"collection":[{"href":"https:\/\/ecofiltro.eco.br\/provisorio\/index.php\/wp-json\/wp\/v2\/pages"}],"about":[{"href":"https:\/\/ecofiltro.eco.br\/provisorio\/index.php\/wp-json\/wp\/v2\/types\/page"}],"author":[{"embeddable":true,"href":"https:\/\/ecofiltro.eco.br\/provisorio\/index.php\/wp-json\/wp\/v2\/users\/1"}],"replies":[{"embeddable":true,"href":"https:\/\/ecofiltro.eco.br\/provisorio\/index.php\/wp-json\/wp\/v2\/comments?post=453"}],"version-history":[{"count":13,"href":"https:\/\/ecofiltro.eco.br\/provisorio\/index.php\/wp-json\/wp\/v2\/pages\/453\/revisions"}],"predecessor-version":[{"id":660,"href":"https:\/\/ecofiltro.eco.br\/provisorio\/index.php\/wp-json\/wp\/v2\/pages\/453\/revisions\/660"}],"wp:attachment":[{"href":"https:\/\/ecofiltro.eco.br\/provisorio\/index.php\/wp-json\/wp\/v2\/media?parent=453"}],"curies":[{"name":"wp","href":"https:\/\/api.w.org\/{rel}","templated":true}]}}